{"id":1544,"date":"2022-07-21T10:29:45","date_gmt":"2022-07-21T08:29:45","guid":{"rendered":"https:\/\/creditech.es\/?page_id=1544"},"modified":"2025-07-01T03:33:36","modified_gmt":"2025-07-01T01:33:36","slug":"sobre-nosaltres","status":"publish","type":"page","link":"https:\/\/creditech.es\/ca\/sobre-nosaltres\/","title":{"rendered":"SOBRE NOSALTRES"},"content":{"rendered":"\n\n\t\t\t<h3>CREDITECH<\/h3><h2>Sobre nosaltres<\/h2>\t\t\t\n\t\t\t<h2>Creditech<\/h2>\t\t\t\n\t\t\t\t<p>Serveis Integrals Garrotxa, CIF B55343271 . Intermediaris de Cr\u00e9dit Immobiliari amb n\u00famero de registre en el Banco de Espa\u00f1a D542 i correu electr\u00f3nic <strong>info@creditech.es<\/strong><\/p>\n<p>Som <strong>experts en l&#8217;obtenci\u00f3 d&#8217;hipoteques, gesti\u00f3 post hipoteca, prestaci\u00f3 de serveis financers, vinculacions hipotec\u00e0ries i taxacions.<\/strong><\/p>\n<p>Tenim anys d&#8217;experi\u00e8ncia en l&#8217;assessorament a clients, i el nostre objectiu \u00e9s que el <strong>proc\u00e9s hipotecari sigui el m\u00e9s r\u00e0pid, econ\u00f2mic i senzill possible.<\/strong><\/p>\n<p>Treballem amb totes les entitats banc\u00e0ries, tenint representaci\u00f3 a tot el territori nacional, gestionant de forma integral tot el proc\u00e9s de <strong>compravenda + hipoteca.<\/strong><\/p>\n<p>M\u00e9s de 1000 clients han trobat, amb nosaltres, el finan\u00e7ament necessari per a la compra de casa i amb les <strong>millors condicions.<\/strong><\/p>\n<p>No tenim lligams amb cap entitat, i en conseq\u00fc\u00e8ncia, la nostra prioritat sempre es <strong>aconseguir el major estalvi financer per els nostres clients.<\/strong><\/p>\n\t\t\t\t<img decoding=\"async\" src=\"https:\/\/creditech.es\/wp-content\/uploads\/2022\/07\/creditech-sobre-nosotros-pareja-mejor-hipoteca.jpg\" alt=\"Te ayudamos a encontrar la mejor hipoteca. CREDITECH - ASESORES HIPOTECARIOS\" title=\"creditech-sobre-nosotros-pareja-mejor-hipoteca\" itemprop=\"image\"  \/>\n<h3>\n\t\tCalcula la teva hipoteca\n\t<\/h3>\n\t<p>A <strong>Creditech<\/strong> creiem en la popular frase &#8220;cada persona \u00e9s un m\u00f3n&#8221;. Apliquem la mateixa l\u00f2gica per a la situaci\u00f3 financera de cadasc\u00fa dels nostres clients o nucli familiar.<\/p>\n<p>T&#8217;oferim assessorament hipotecari amb tracte personalitzat, sense cap comprom\u00eds. <a href=\"https:\/\/creditech.es\/ca\/contacto\/\"><strong>Contacta&#8217;ns ara<\/strong><\/a> i et donarem resposta en menys de 24 hores.<\/p>\n\t\t\t<h2>Tel\u00e8fon<\/h2>\n\t\t\t\t<p><a href=\"tel:932514138\" target=\"_blank\" rel=\"noopener\">+34 932 514 138<\/a><\/p>\n\t\t\t<h2>Email<\/h2>\n\t\t\t\t<p><a href=\"mailto:info@creditech.es\" target=\"_blank\" rel=\"noopener\">info@creditech.es<\/a><\/p>\n\n","protected":false},"excerpt":{"rendered":"<p>CREDITECH Sobre nosaltres Creditech Serveis Integrals Garrotxa, CIF B55343271 . Intermediaris de Cr\u00e9dit Immobiliari amb n\u00famero de registre en el Banco de Espa\u00f1a D542 i correu electr\u00f3nic info@creditech.es Som experts en l&#8217;obtenci\u00f3 d&#8217;hipoteques, gesti\u00f3 post hipoteca, prestaci\u00f3 de serveis financers, vinculacions hipotec\u00e0ries i taxacions. Tenim anys d&#8217;experi\u00e8ncia en l&#8217;assessorament a clients, i el nostre objectiu [&hellip;]<\/p>\n","protected":false},"author":9,"featured_media":0,"parent":0,"menu_order":0,"comment_status":"closed","ping_status":"closed","template":"","meta":{"site-sidebar-layout":"no-sidebar","site-content-layout":"page-builder","ast-site-content-layout":"default","site-content-style":"default","site-sidebar-style":"default","ast-global-header-display":"","ast-banner-title-visibility":"","ast-main-header-display":"","ast-hfb-above-header-display":"","ast-hfb-below-header-display":"","ast-hfb-mobile-header-display":"","site-post-title":"disabled","ast-breadcrumbs-content":"","ast-featured-img":"disabled","footer-sml-layout":"","theme-transparent-header-meta":"default","adv-header-id-meta":"","stick-header-meta":"default","header-above-stick-meta":"","header-main-stick-meta":"","header-below-stick-meta":"","astra-migrate-meta-layouts":"default","ast-page-background-enabled":"default","ast-page-background-meta":{"desktop":{"background-color":"","background-image":"","background-repeat":"repeat","background-position":"center center","background-size":"auto","background-attachment":"scroll","background-type":"","background-media":"","overlay-type":"","overlay-color":"","overlay-opacity":"","overlay-gradient":""},"tablet":{"background-color":"","background-image":"","background-repeat":"repeat","background-position":"center center","background-size":"auto","background-attachment":"scroll","background-type":"","background-media":"","overlay-type":"","overlay-color":"","overlay-opacity":"","overlay-gradient":""},"mobile":{"background-color":"","background-image":"","background-repeat":"repeat","background-position":"center center","background-size":"auto","background-attachment":"scroll","background-type":"","background-media":"","overlay-type":"","overlay-color":"","overlay-opacity":"","overlay-gradient":""}},"ast-content-background-meta":{"desktop":{"background-color":"var(--ast-global-color-5)","background-image":"","background-repeat":"repeat","background-position":"center center","background-size":"auto","background-attachment":"scroll","background-type":"","background-media":"","overlay-type":"","overlay-color":"","overlay-opacity":"","overlay-gradient":""},"tablet":{"background-color":"var(--ast-global-color-5)","background-image":"","background-repeat":"repeat","background-position":"center center","background-size":"auto","background-attachment":"scroll","background-type":"","background-media":"","overlay-type":"","overlay-color":"","overlay-opacity":"","overlay-gradient":""},"mobile":{"background-color":"var(--ast-global-color-5)","background-image":"","background-repeat":"repeat","background-position":"center center","background-size":"auto","background-attachment":"scroll","background-type":"","background-media":"","overlay-type":"","overlay-color":"","overlay-opacity":"","overlay-gradient":""}},"_joinchat":[],"footnotes":""},"class_list":["post-1544","page","type-page","status-publish","hentry"],"yoast_head":"<!-- This site is optimized with the Yoast SEO Premium plugin v19.1 (Yoast SEO v25.4) - https:\/\/yoast.com\/wordpress\/plugins\/seo\/ -->\n<title>SOBRE NOSALTRES - CREDITECH - Intermediarios de cr\u00e9dito inmobiliario<\/title>\n<meta name=\"description\" content=\"En Creditech somos expertos en la obtenci\u00f3n de hipotecas, gesti\u00f3n, prestaci\u00f3n de servicios financieros, vinculaciones y tasaciones.\" \/>\n<meta name=\"robots\" content=\"index, follow, max-snippet:-1, max-image-preview:large, max-video-preview:-1\" \/>\n<link rel=\"canonical\" href=\"https:\/\/creditech.es\/ca\/sobre-nosaltres\/\" \/>\n<meta property=\"og:locale\" content=\"ca_ES\" \/>\n<meta property=\"og:type\" content=\"article\" \/>\n<meta property=\"og:title\" content=\"SOBRE NOSALTRES\" \/>\n<meta property=\"og:description\" content=\"En Creditech somos expertos en la obtenci\u00f3n de hipotecas, gesti\u00f3n, prestaci\u00f3n de servicios financieros, vinculaciones y tasaciones.\" \/>\n<meta property=\"og:url\" content=\"https:\/\/creditech.es\/ca\/sobre-nosaltres\/\" \/>\n<meta property=\"og:site_name\" content=\"CREDITECH - Intermediarios de cr\u00e9dito inmobiliario\" \/>\n<meta property=\"article:modified_time\" content=\"2025-07-01T01:33:36+00:00\" \/>\n<meta property=\"og:image\" content=\"https:\/\/creditech.es\/wp-content\/uploads\/2022\/07\/creditech-sobre-nosotros-pareja-mejor-hipoteca.jpg\" \/>\n<meta name=\"twitter:card\" content=\"summary_large_image\" \/>\n<meta name=\"twitter:label1\" content=\"Temps estimat de lectura\" \/>\n\t<meta name=\"twitter:data1\" content=\"1 minut\" \/>\n<script type=\"application\/ld+json\" class=\"yoast-schema-graph\">{\"@context\":\"https:\/\/schema.org\",\"@graph\":[{\"@type\":\"WebPage\",\"@id\":\"https:\/\/creditech.es\/ca\/sobre-nosaltres\/\",\"url\":\"https:\/\/creditech.es\/ca\/sobre-nosaltres\/\",\"name\":\"SOBRE NOSALTRES - CREDITECH - Intermediarios de cr\u00e9dito inmobiliario\",\"isPartOf\":{\"@id\":\"https:\/\/creditech.es\/#website\"},\"primaryImageOfPage\":{\"@id\":\"https:\/\/creditech.es\/ca\/sobre-nosaltres\/#primaryimage\"},\"image\":{\"@id\":\"https:\/\/creditech.es\/ca\/sobre-nosaltres\/#primaryimage\"},\"thumbnailUrl\":\"https:\/\/creditech.es\/wp-content\/uploads\/2022\/07\/creditech-sobre-nosotros-pareja-mejor-hipoteca.jpg\",\"datePublished\":\"2022-07-21T08:29:45+00:00\",\"dateModified\":\"2025-07-01T01:33:36+00:00\",\"description\":\"En Creditech somos expertos en la obtenci\u00f3n de hipotecas, gesti\u00f3n, prestaci\u00f3n de servicios financieros, vinculaciones y tasaciones.\",\"breadcrumb\":{\"@id\":\"https:\/\/creditech.es\/ca\/sobre-nosaltres\/#breadcrumb\"},\"inLanguage\":\"ca\",\"potentialAction\":[{\"@type\":\"ReadAction\",\"target\":[\"https:\/\/creditech.es\/ca\/sobre-nosaltres\/\"]}]},{\"@type\":\"ImageObject\",\"inLanguage\":\"ca\",\"@id\":\"https:\/\/creditech.es\/ca\/sobre-nosaltres\/#primaryimage\",\"url\":\"https:\/\/creditech.es\/wp-content\/uploads\/2022\/07\/creditech-sobre-nosotros-pareja-mejor-hipoteca.jpg\",\"contentUrl\":\"https:\/\/creditech.es\/wp-content\/uploads\/2022\/07\/creditech-sobre-nosotros-pareja-mejor-hipoteca.jpg\"},{\"@type\":\"BreadcrumbList\",\"@id\":\"https:\/\/creditech.es\/ca\/sobre-nosaltres\/#breadcrumb\",\"itemListElement\":[{\"@type\":\"ListItem\",\"position\":1,\"name\":\"Home\",\"item\":\"https:\/\/creditech.es\/ca\/\"},{\"@type\":\"ListItem\",\"position\":2,\"name\":\"SOBRE NOSALTRES\"}]},{\"@type\":\"WebSite\",\"@id\":\"https:\/\/creditech.es\/#website\",\"url\":\"https:\/\/creditech.es\/\",\"name\":\"CREDITECH - Intermediarios de cr\u00e9dito inmobiliario\",\"description\":\"\",\"publisher\":{\"@id\":\"https:\/\/creditech.es\/#organization\"},\"potentialAction\":[{\"@type\":\"SearchAction\",\"target\":{\"@type\":\"EntryPoint\",\"urlTemplate\":\"https:\/\/creditech.es\/?s={search_term_string}\"},\"query-input\":{\"@type\":\"PropertyValueSpecification\",\"valueRequired\":true,\"valueName\":\"search_term_string\"}}],\"inLanguage\":\"ca\"},{\"@type\":\"Organization\",\"@id\":\"https:\/\/creditech.es\/#organization\",\"name\":\"CREDITECH - Intermediarios de cr\u00e9dito inmobiliario\",\"url\":\"https:\/\/creditech.es\/\",\"logo\":{\"@type\":\"ImageObject\",\"inLanguage\":\"ca\",\"@id\":\"https:\/\/creditech.es\/#\/schema\/logo\/image\/\",\"url\":\"https:\/\/creditech.es\/wp-content\/uploads\/2022\/07\/Logo-Creditech.png\",\"contentUrl\":\"https:\/\/creditech.es\/wp-content\/uploads\/2022\/07\/Logo-Creditech.png\",\"width\":1106,\"height\":686,\"caption\":\"CREDITECH - Intermediarios de cr\u00e9dito inmobiliario\"},\"image\":{\"@id\":\"https:\/\/creditech.es\/#\/schema\/logo\/image\/\"}}]}<\/script>\n<!-- \/ Yoast SEO Premium plugin. -->","yoast_head_json":{"title":"SOBRE NOSALTRES - CREDITECH - Intermediarios de cr\u00e9dito inmobiliario","description":"En Creditech somos expertos en la obtenci\u00f3n de hipotecas, gesti\u00f3n, prestaci\u00f3n de servicios financieros, vinculaciones y tasaciones.","robots":{"index":"index","follow":"follow","max-snippet":"max-snippet:-1","max-image-preview":"max-image-preview:large","max-video-preview":"max-video-preview:-1"},"canonical":"https:\/\/creditech.es\/ca\/sobre-nosaltres\/","og_locale":"ca_ES","og_type":"article","og_title":"SOBRE NOSALTRES","og_description":"En Creditech somos expertos en la obtenci\u00f3n de hipotecas, gesti\u00f3n, prestaci\u00f3n de servicios financieros, vinculaciones y tasaciones.","og_url":"https:\/\/creditech.es\/ca\/sobre-nosaltres\/","og_site_name":"CREDITECH - Intermediarios de cr\u00e9dito inmobiliario","article_modified_time":"2025-07-01T01:33:36+00:00","og_image":[{"url":"https:\/\/creditech.es\/wp-content\/uploads\/2022\/07\/creditech-sobre-nosotros-pareja-mejor-hipoteca.jpg","type":"","width":"","height":""}],"twitter_card":"summary_large_image","twitter_misc":{"Temps estimat de lectura":"1 minut"},"schema":{"@context":"https:\/\/schema.org","@graph":[{"@type":"WebPage","@id":"https:\/\/creditech.es\/ca\/sobre-nosaltres\/","url":"https:\/\/creditech.es\/ca\/sobre-nosaltres\/","name":"SOBRE NOSALTRES - CREDITECH - Intermediarios de cr\u00e9dito inmobiliario","isPartOf":{"@id":"https:\/\/creditech.es\/#website"},"primaryImageOfPage":{"@id":"https:\/\/creditech.es\/ca\/sobre-nosaltres\/#primaryimage"},"image":{"@id":"https:\/\/creditech.es\/ca\/sobre-nosaltres\/#primaryimage"},"thumbnailUrl":"https:\/\/creditech.es\/wp-content\/uploads\/2022\/07\/creditech-sobre-nosotros-pareja-mejor-hipoteca.jpg","datePublished":"2022-07-21T08:29:45+00:00","dateModified":"2025-07-01T01:33:36+00:00","description":"En Creditech somos expertos en la obtenci\u00f3n de hipotecas, gesti\u00f3n, prestaci\u00f3n de servicios financieros, vinculaciones y tasaciones.","breadcrumb":{"@id":"https:\/\/creditech.es\/ca\/sobre-nosaltres\/#breadcrumb"},"inLanguage":"ca","potentialAction":[{"@type":"ReadAction","target":["https:\/\/creditech.es\/ca\/sobre-nosaltres\/"]}]},{"@type":"ImageObject","inLanguage":"ca","@id":"https:\/\/creditech.es\/ca\/sobre-nosaltres\/#primaryimage","url":"https:\/\/creditech.es\/wp-content\/uploads\/2022\/07\/creditech-sobre-nosotros-pareja-mejor-hipoteca.jpg","contentUrl":"https:\/\/creditech.es\/wp-content\/uploads\/2022\/07\/creditech-sobre-nosotros-pareja-mejor-hipoteca.jpg"},{"@type":"BreadcrumbList","@id":"https:\/\/creditech.es\/ca\/sobre-nosaltres\/#breadcrumb","itemListElement":[{"@type":"ListItem","position":1,"name":"Home","item":"https:\/\/creditech.es\/ca\/"},{"@type":"ListItem","position":2,"name":"SOBRE NOSALTRES"}]},{"@type":"WebSite","@id":"https:\/\/creditech.es\/#website","url":"https:\/\/creditech.es\/","name":"CREDITECH - Intermediarios de cr\u00e9dito inmobiliario","description":"","publisher":{"@id":"https:\/\/creditech.es\/#organization"},"potentialAction":[{"@type":"SearchAction","target":{"@type":"EntryPoint","urlTemplate":"https:\/\/creditech.es\/?s={search_term_string}"},"query-input":{"@type":"PropertyValueSpecification","valueRequired":true,"valueName":"search_term_string"}}],"inLanguage":"ca"},{"@type":"Organization","@id":"https:\/\/creditech.es\/#organization","name":"CREDITECH - Intermediarios de cr\u00e9dito inmobiliario","url":"https:\/\/creditech.es\/","logo":{"@type":"ImageObject","inLanguage":"ca","@id":"https:\/\/creditech.es\/#\/schema\/logo\/image\/","url":"https:\/\/creditech.es\/wp-content\/uploads\/2022\/07\/Logo-Creditech.png","contentUrl":"https:\/\/creditech.es\/wp-content\/uploads\/2022\/07\/Logo-Creditech.png","width":1106,"height":686,"caption":"CREDITECH - Intermediarios de cr\u00e9dito inmobiliario"},"image":{"@id":"https:\/\/creditech.es\/#\/schema\/logo\/image\/"}}]}},"_links":{"self":[{"href":"https:\/\/creditech.es\/ca\/wp-json\/wp\/v2\/pages\/1544","targetHints":{"allow":["GET"]}}],"collection":[{"href":"https:\/\/creditech.es\/ca\/wp-json\/wp\/v2\/pages"}],"about":[{"href":"https:\/\/creditech.es\/ca\/wp-json\/wp\/v2\/types\/page"}],"author":[{"embeddable":true,"href":"https:\/\/creditech.es\/ca\/wp-json\/wp\/v2\/users\/9"}],"replies":[{"embeddable":true,"href":"https:\/\/creditech.es\/ca\/wp-json\/wp\/v2\/comments?post=1544"}],"version-history":[{"count":6,"href":"https:\/\/creditech.es\/ca\/wp-json\/wp\/v2\/pages\/1544\/revisions"}],"predecessor-version":[{"id":2026,"href":"https:\/\/creditech.es\/ca\/wp-json\/wp\/v2\/pages\/1544\/revisions\/2026"}],"wp:attachment":[{"href":"https:\/\/creditech.es\/ca\/wp-json\/wp\/v2\/media?parent=1544"}],"curies":[{"name":"wp","href":"https:\/\/api.w.org\/{rel}","templated":true}]}}