{"id":1550,"date":"2018-10-02T11:17:52","date_gmt":"2018-10-02T09:17:52","guid":{"rendered":"https:\/\/creditech.es\/?page_id=1550"},"modified":"2026-03-02T16:30:44","modified_gmt":"2026-03-02T15:30:44","slug":"inici","status":"publish","type":"page","link":"https:\/\/creditech.es\/ca\/","title":{"rendered":"INICI"},"content":{"rendered":"\n\n\t\t\t\t<img decoding=\"async\" src=\"https:\/\/creditech.es\/wp-content\/uploads\/2022\/07\/icon-mejores-precios.png\" alt=\"Te ayudamos a encontrar la mejor hipoteca. CREDITECH - ASESORES HIPOTECARIOS\" title=\"icon-mejores-precios\" itemprop=\"image\"\/>\n\t\t<h4>Estudi Gratu\u00eft<\/h4>\t\t\t\n\t\t\t\t<p>Realitzem un preestudi hipotecari sense comprom\u00eds.<\/p>\n\t\t\t\t<img decoding=\"async\" src=\"https:\/\/creditech.es\/wp-content\/uploads\/2022\/07\/icon-rapidez-de-gestion.png\" alt=\"Te ayudamos a encontrar la mejor hipoteca. CREDITECH - ASESORES HIPOTECARIOS\" title=\"icon-rapidez-de-gestion\" itemprop=\"image\"\/>\n\t\t<h4>Rapidesa en la gesti\u00f3<\/h4>\t\t\t\n\t\t\t\t<p>En menys de 24 hores et donem resposta sobra la viabilitat del teu pr\u00e9stec hipotecari.<\/p>\n\t\t\t\t<img decoding=\"async\" src=\"https:\/\/creditech.es\/wp-content\/uploads\/2022\/07\/icon-seguimiento.png\" alt=\"Te ayudamos a encontrar la mejor hipoteca. CREDITECH - ASESORES HIPOTECARIOS\" title=\"icon-seguimiento\" itemprop=\"image\"\/>\n\t\t<h4>Seguiment<\/h4>\t\t\t\n\t\t\t\t<p>Negociem amb els bancs les millors condicions i fem seguiment del teu cas a diari.<\/p>\n\t\t\t\t<img decoding=\"async\" src=\"https:\/\/creditech.es\/wp-content\/uploads\/2022\/07\/icon-trato-personalizado.png\" alt=\"Te ayudamos a encontrar la mejor hipoteca. CREDITECH - ASESORES HIPOTECARIOS\" title=\"icon-trato-personalizado\" itemprop=\"image\"\/>\n\t\t<h4>Tracte personalitzat<\/h4>\t\t\t\n\t\t\t\t<p>El teu gestor personal t&#8217;acompanyar\u00e0 durant tot el proc\u00e9s.<\/p>\n<h3>\n\t\t\tCalcula la teva hipoteca\t<\/h3>\n\t<p>A <strong>Creditech<\/strong> creiem en la popular frase &#8220;cada persona \u00e9s un m\u00f3n&#8221;. Apliquem la mateixa l\u00f2gica per a la situaci\u00f3 financera de cadasc\u00fa dels nostres clients o nucli familiar.<\/p>\n<p>T&#8217;oferim assessorament hipotecari amb tracte personalitzat, sense cap comprom\u00eds. <a href=\"https:\/\/creditech.es\/ca\/contacto\/\"><strong>Contacta&#8217;ns ara<\/strong><\/a> i et donarem resposta en menys de 24 hores.<\/p>\n\t\t\t<h2>Tel\u00e8fon<\/h2>\n\t\t\t\t<p><a href=\"tel:932514138\" target=\"_blank\" rel=\"noopener\">+34 93 251 41 38<\/a><\/p>\n\t\t\t<h2>Email<\/h2>\n\t\t\t\t<p><a href=\"mailto:info@creditech.es\" target=\"_blank\" rel=\"noopener\">info@creditech.es<\/a><\/p>\n\n","protected":false},"excerpt":{"rendered":"<p>Estudi Gratu\u00eft Realitzem un preestudi hipotecari sense comprom\u00eds. Rapidesa en la gesti\u00f3 En menys de 24 hores et donem resposta sobra la viabilitat del teu pr\u00e9stec hipotecari. Seguiment Negociem amb els bancs les millors condicions i fem seguiment del teu cas a diari. Tracte personalitzat El teu gestor personal t&#8217;acompanyar\u00e0 durant tot el proc\u00e9s. Calcula [&hellip;]<\/p>\n","protected":false},"author":9,"featured_media":0,"parent":0,"menu_order":0,"comment_status":"closed","ping_status":"closed","template":"","meta":{"site-sidebar-layout":"no-sidebar","site-content-layout":"page-builder","ast-site-content-layout":"full-width-container","site-content-style":"unboxed","site-sidebar-style":"unboxed","ast-global-header-display":"","ast-banner-title-visibility":"","ast-main-header-display":"","ast-hfb-above-header-display":"","ast-hfb-below-header-display":"","ast-hfb-mobile-header-display":"","site-post-title":"disabled","ast-breadcrumbs-content":"","ast-featured-img":"disabled","footer-sml-layout":"","theme-transparent-header-meta":"default","adv-header-id-meta":"","stick-header-meta":"default","header-above-stick-meta":"","header-main-stick-meta":"","header-below-stick-meta":"","astra-migrate-meta-layouts":"default","ast-page-background-enabled":"default","ast-page-background-meta":{"desktop":{"background-color":"","background-image":"","background-repeat":"repeat","background-position":"center center","background-size":"auto","background-attachment":"scroll","background-type":"","background-media":"","overlay-type":"","overlay-color":"","overlay-opacity":"","overlay-gradient":""},"tablet":{"background-color":"","background-image":"","background-repeat":"repeat","background-position":"center center","background-size":"auto","background-attachment":"scroll","background-type":"","background-media":"","overlay-type":"","overlay-color":"","overlay-opacity":"","overlay-gradient":""},"mobile":{"background-color":"","background-image":"","background-repeat":"repeat","background-position":"center center","background-size":"auto","background-attachment":"scroll","background-type":"","background-media":"","overlay-type":"","overlay-color":"","overlay-opacity":"","overlay-gradient":""}},"ast-content-background-meta":{"desktop":{"background-color":"var(--ast-global-color-5)","background-image":"","background-repeat":"repeat","background-position":"center center","background-size":"auto","background-attachment":"scroll","background-type":"","background-media":"","overlay-type":"","overlay-color":"","overlay-opacity":"","overlay-gradient":""},"tablet":{"background-color":"var(--ast-global-color-5)","background-image":"","background-repeat":"repeat","background-position":"center center","background-size":"auto","background-attachment":"scroll","background-type":"","background-media":"","overlay-type":"","overlay-color":"","overlay-opacity":"","overlay-gradient":""},"mobile":{"background-color":"var(--ast-global-color-5)","background-image":"","background-repeat":"repeat","background-position":"center center","background-size":"auto","background-attachment":"scroll","background-type":"","background-media":"","overlay-type":"","overlay-color":"","overlay-opacity":"","overlay-gradient":""}},"_joinchat":[],"footnotes":""},"class_list":["post-1550","page","type-page","status-publish","hentry"],"yoast_head":"<!-- This site is optimized with the Yoast SEO Premium plugin v19.1 (Yoast SEO v25.4) - https:\/\/yoast.com\/wordpress\/plugins\/seo\/ -->\n<title>INICI - CREDITECH - Intermediarios de cr\u00e9dito inmobiliario<\/title>\n<meta name=\"description\" content=\"Te ayudamos a encontrar la mejor hipoteca, ofrecemos asesoramiento hipotecario con trato personalizado. \u00a1Cont\u00e1ctanos ahora!\" \/>\n<meta name=\"robots\" content=\"index, follow, max-snippet:-1, max-image-preview:large, max-video-preview:-1\" \/>\n<link rel=\"canonical\" href=\"https:\/\/creditech.es\/ca\/\" \/>\n<meta property=\"og:locale\" content=\"ca_ES\" \/>\n<meta property=\"og:type\" content=\"article\" \/>\n<meta property=\"og:title\" content=\"INICI\" \/>\n<meta property=\"og:description\" content=\"Te ayudamos a encontrar la mejor hipoteca, ofrecemos asesoramiento hipotecario con trato personalizado. \u00a1Cont\u00e1ctanos ahora!\" \/>\n<meta property=\"og:url\" content=\"https:\/\/creditech.es\/ca\/\" \/>\n<meta property=\"og:site_name\" content=\"CREDITECH - Intermediarios de cr\u00e9dito inmobiliario\" \/>\n<meta property=\"article:modified_time\" content=\"2026-03-02T15:30:44+00:00\" \/>\n<meta property=\"og:image\" content=\"https:\/\/creditech.es\/wp-content\/uploads\/2022\/08\/logo-creditech-catalan-1024x657.png\" \/>\n<meta name=\"twitter:card\" content=\"summary_large_image\" \/>\n<meta name=\"twitter:label1\" content=\"Temps estimat de lectura\" \/>\n\t<meta name=\"twitter:data1\" content=\"2 minuts\" \/>\n<script type=\"application\/ld+json\" class=\"yoast-schema-graph\">{\"@context\":\"https:\/\/schema.org\",\"@graph\":[{\"@type\":\"WebPage\",\"@id\":\"https:\/\/creditech.es\/ca\/\",\"url\":\"https:\/\/creditech.es\/ca\/\",\"name\":\"INICI - CREDITECH - Intermediarios de cr\u00e9dito inmobiliario\",\"isPartOf\":{\"@id\":\"https:\/\/creditech.es\/#website\"},\"primaryImageOfPage\":{\"@id\":\"https:\/\/creditech.es\/ca\/#primaryimage\"},\"image\":{\"@id\":\"https:\/\/creditech.es\/ca\/#primaryimage\"},\"thumbnailUrl\":\"https:\/\/creditech.es\/wp-content\/uploads\/2022\/07\/icon-mejores-precios.png\",\"datePublished\":\"2018-10-02T09:17:52+00:00\",\"dateModified\":\"2026-03-02T15:30:44+00:00\",\"description\":\"Te ayudamos a encontrar la mejor hipoteca, ofrecemos asesoramiento hipotecario con trato personalizado. \u00a1Cont\u00e1ctanos ahora!\",\"breadcrumb\":{\"@id\":\"https:\/\/creditech.es\/ca\/#breadcrumb\"},\"inLanguage\":\"ca\",\"potentialAction\":[{\"@type\":\"ReadAction\",\"target\":[\"https:\/\/creditech.es\/ca\/\"]}]},{\"@type\":\"ImageObject\",\"inLanguage\":\"ca\",\"@id\":\"https:\/\/creditech.es\/ca\/#primaryimage\",\"url\":\"https:\/\/creditech.es\/wp-content\/uploads\/2022\/07\/icon-mejores-precios.png\",\"contentUrl\":\"https:\/\/creditech.es\/wp-content\/uploads\/2022\/07\/icon-mejores-precios.png\"},{\"@type\":\"BreadcrumbList\",\"@id\":\"https:\/\/creditech.es\/ca\/#breadcrumb\",\"itemListElement\":[{\"@type\":\"ListItem\",\"position\":1,\"name\":\"Home\",\"item\":\"https:\/\/creditech.es\/ca\/\"},{\"@type\":\"ListItem\",\"position\":2,\"name\":\"INICI\"}]},{\"@type\":\"WebSite\",\"@id\":\"https:\/\/creditech.es\/#website\",\"url\":\"https:\/\/creditech.es\/\",\"name\":\"CREDITECH - Intermediarios de cr\u00e9dito inmobiliario\",\"description\":\"\",\"publisher\":{\"@id\":\"https:\/\/creditech.es\/#organization\"},\"potentialAction\":[{\"@type\":\"SearchAction\",\"target\":{\"@type\":\"EntryPoint\",\"urlTemplate\":\"https:\/\/creditech.es\/?s={search_term_string}\"},\"query-input\":{\"@type\":\"PropertyValueSpecification\",\"valueRequired\":true,\"valueName\":\"search_term_string\"}}],\"inLanguage\":\"ca\"},{\"@type\":\"Organization\",\"@id\":\"https:\/\/creditech.es\/#organization\",\"name\":\"CREDITECH - Intermediarios de cr\u00e9dito inmobiliario\",\"url\":\"https:\/\/creditech.es\/\",\"logo\":{\"@type\":\"ImageObject\",\"inLanguage\":\"ca\",\"@id\":\"https:\/\/creditech.es\/#\/schema\/logo\/image\/\",\"url\":\"https:\/\/creditech.es\/wp-content\/uploads\/2022\/07\/Logo-Creditech.png\",\"contentUrl\":\"https:\/\/creditech.es\/wp-content\/uploads\/2022\/07\/Logo-Creditech.png\",\"width\":1106,\"height\":686,\"caption\":\"CREDITECH - Intermediarios de cr\u00e9dito inmobiliario\"},\"image\":{\"@id\":\"https:\/\/creditech.es\/#\/schema\/logo\/image\/\"}}]}<\/script>\n<!-- \/ Yoast SEO Premium plugin. -->","yoast_head_json":{"title":"INICI - CREDITECH - Intermediarios de cr\u00e9dito inmobiliario","description":"Te ayudamos a encontrar la mejor hipoteca, ofrecemos asesoramiento hipotecario con trato personalizado. \u00a1Cont\u00e1ctanos ahora!","robots":{"index":"index","follow":"follow","max-snippet":"max-snippet:-1","max-image-preview":"max-image-preview:large","max-video-preview":"max-video-preview:-1"},"canonical":"https:\/\/creditech.es\/ca\/","og_locale":"ca_ES","og_type":"article","og_title":"INICI","og_description":"Te ayudamos a encontrar la mejor hipoteca, ofrecemos asesoramiento hipotecario con trato personalizado. \u00a1Cont\u00e1ctanos ahora!","og_url":"https:\/\/creditech.es\/ca\/","og_site_name":"CREDITECH - Intermediarios de cr\u00e9dito inmobiliario","article_modified_time":"2026-03-02T15:30:44+00:00","og_image":[{"url":"https:\/\/creditech.es\/wp-content\/uploads\/2022\/08\/logo-creditech-catalan-1024x657.png","type":"","width":"","height":""}],"twitter_card":"summary_large_image","twitter_misc":{"Temps estimat de lectura":"2 minuts"},"schema":{"@context":"https:\/\/schema.org","@graph":[{"@type":"WebPage","@id":"https:\/\/creditech.es\/ca\/","url":"https:\/\/creditech.es\/ca\/","name":"INICI - CREDITECH - Intermediarios de cr\u00e9dito inmobiliario","isPartOf":{"@id":"https:\/\/creditech.es\/#website"},"primaryImageOfPage":{"@id":"https:\/\/creditech.es\/ca\/#primaryimage"},"image":{"@id":"https:\/\/creditech.es\/ca\/#primaryimage"},"thumbnailUrl":"https:\/\/creditech.es\/wp-content\/uploads\/2022\/07\/icon-mejores-precios.png","datePublished":"2018-10-02T09:17:52+00:00","dateModified":"2026-03-02T15:30:44+00:00","description":"Te ayudamos a encontrar la mejor hipoteca, ofrecemos asesoramiento hipotecario con trato personalizado. \u00a1Cont\u00e1ctanos ahora!","breadcrumb":{"@id":"https:\/\/creditech.es\/ca\/#breadcrumb"},"inLanguage":"ca","potentialAction":[{"@type":"ReadAction","target":["https:\/\/creditech.es\/ca\/"]}]},{"@type":"ImageObject","inLanguage":"ca","@id":"https:\/\/creditech.es\/ca\/#primaryimage","url":"https:\/\/creditech.es\/wp-content\/uploads\/2022\/07\/icon-mejores-precios.png","contentUrl":"https:\/\/creditech.es\/wp-content\/uploads\/2022\/07\/icon-mejores-precios.png"},{"@type":"BreadcrumbList","@id":"https:\/\/creditech.es\/ca\/#breadcrumb","itemListElement":[{"@type":"ListItem","position":1,"name":"Home","item":"https:\/\/creditech.es\/ca\/"},{"@type":"ListItem","position":2,"name":"INICI"}]},{"@type":"WebSite","@id":"https:\/\/creditech.es\/#website","url":"https:\/\/creditech.es\/","name":"CREDITECH - Intermediarios de cr\u00e9dito inmobiliario","description":"","publisher":{"@id":"https:\/\/creditech.es\/#organization"},"potentialAction":[{"@type":"SearchAction","target":{"@type":"EntryPoint","urlTemplate":"https:\/\/creditech.es\/?s={search_term_string}"},"query-input":{"@type":"PropertyValueSpecification","valueRequired":true,"valueName":"search_term_string"}}],"inLanguage":"ca"},{"@type":"Organization","@id":"https:\/\/creditech.es\/#organization","name":"CREDITECH - Intermediarios de cr\u00e9dito inmobiliario","url":"https:\/\/creditech.es\/","logo":{"@type":"ImageObject","inLanguage":"ca","@id":"https:\/\/creditech.es\/#\/schema\/logo\/image\/","url":"https:\/\/creditech.es\/wp-content\/uploads\/2022\/07\/Logo-Creditech.png","contentUrl":"https:\/\/creditech.es\/wp-content\/uploads\/2022\/07\/Logo-Creditech.png","width":1106,"height":686,"caption":"CREDITECH - Intermediarios de cr\u00e9dito inmobiliario"},"image":{"@id":"https:\/\/creditech.es\/#\/schema\/logo\/image\/"}}]}},"_links":{"self":[{"href":"https:\/\/creditech.es\/ca\/wp-json\/wp\/v2\/pages\/1550","targetHints":{"allow":["GET"]}}],"collection":[{"href":"https:\/\/creditech.es\/ca\/wp-json\/wp\/v2\/pages"}],"about":[{"href":"https:\/\/creditech.es\/ca\/wp-json\/wp\/v2\/types\/page"}],"author":[{"embeddable":true,"href":"https:\/\/creditech.es\/ca\/wp-json\/wp\/v2\/users\/9"}],"replies":[{"embeddable":true,"href":"https:\/\/creditech.es\/ca\/wp-json\/wp\/v2\/comments?post=1550"}],"version-history":[{"count":23,"href":"https:\/\/creditech.es\/ca\/wp-json\/wp\/v2\/pages\/1550\/revisions"}],"predecessor-version":[{"id":2073,"href":"https:\/\/creditech.es\/ca\/wp-json\/wp\/v2\/pages\/1550\/revisions\/2073"}],"wp:attachment":[{"href":"https:\/\/creditech.es\/ca\/wp-json\/wp\/v2\/media?parent=1550"}],"curies":[{"name":"wp","href":"https:\/\/api.w.org\/{rel}","templated":true}]}}