{"id":1559,"date":"2018-10-11T17:16:00","date_gmt":"2018-10-11T15:16:00","guid":{"rendered":"https:\/\/creditech.es\/?page_id=1559"},"modified":"2025-03-21T09:31:43","modified_gmt":"2025-03-21T08:31:43","slug":"politica-de-cookies","status":"publish","type":"page","link":"https:\/\/creditech.es\/ca\/politica-de-cookies\/","title":{"rendered":"Pol\u00edtica de cookies"},"content":{"rendered":"\n\n\t<h1>Pol\u00edtica de cookies<\/h1>\n<ol>\n<li><strong>Cookies<\/strong><\/li>\n<\/ol>\n<p>1.1.\u00a0SERVEIS INTEGRALS GARROTXA SL le informa que presente sitio web:\u00a0<a href=\"http:\/\/creditech.com\/\">www.creditech.es<\/a>\u00a0(en adelante, el &#8220;Sitio Web&#8221;) utiliza cookies que ayudan a optimizar su visita. Si contin\u00faa navegando en este Sitio Web, consideramos que acepta su uso.<\/p>\n<p>1.2.\u00a0Una cookie es un fichero que se descarga en su ordenador al acceder a determinadas p\u00e1ginas web. Las cookies permiten a un sitio web, entre otras cosas, almacenar y recuperar informaci\u00f3n sobre los h\u00e1bitos de\u00a0navegaci\u00f3n de un usuario o de su equipo y, dependiendo de la informaci\u00f3n que contengan y de la forma en que utilice su equipo, pueden utilizarse para\u00a0reconocer al usuario.<\/p>\n<p>1.3.\u00a0SERVEIS INTEGRALS GARROTXA SL tiene la obligaci\u00f3n por el Real Decreto-ley 13\/2012 que modifica la Ley 34\/2002, de 11 de julio, de Servicios de la Sociedad de la Informaci\u00f3n y de Comercio Electr\u00f3nico, de informar y obtener el consentimiento del usuario acerca del uso de las cookies en este Sitio Web.<\/p>\n<ol>\n<li><strong>Tipos de cookies<\/strong><\/li>\n<\/ol>\n<p>2.1.\u00a0Seg\u00fan quien sea la entidad que gestione el dominio desde donde se env\u00edan las cookies y trate los datos que se obtengan se pueden distinguir dos tipos: cookies propias y cookies de terceros.<\/p>\n<p>2.2.\u00a0Existe tambi\u00e9n una segunda clasificaci\u00f3n seg\u00fan el plazo de tiempo que permanecen almacenadas en el navegador del cliente, pudiendo tratarse de cookies de sesi\u00f3n o cookies persistentes.<\/p>\n<p>2.3.\u00a0Por \u00faltimo, existe otra clasificaci\u00f3n con cinco tipos de cookies seg\u00fan la finalidad para la que se traten los datos obtenidos: cookies t\u00e9cnicas, cookies de personalizaci\u00f3n, cookies de an\u00e1lisis, cookies publicitarias y cookies de publicidad comportamental.<\/p>\n<ol>\n<li><strong>Cookies utilizadas en este Sitio Web<\/strong><\/li>\n<\/ol>\n<p>3.1.\u00a0SERVEIS INTEGRALS GARROTXA SL utiliza las siguientes cookies anal\u00edticas:<\/p>\n<ol>\n<li>\n<ul>\n<li>ac_cookies: cookie t\u00e9cnica y estrictamente necesaria que contiene el valor de si se ha aceptado la instalaci\u00f3n de cookies. Caduca en 1 a\u00f1o desde la \u00faltima actualizaci\u00f3n.<\/li>\n<li>_ga: cookie de Google Analytics que habilita la funci\u00f3n de control de visitas \u00fanicas. La primera vez que un usuario entre en el sitio web a trav\u00e9s de un navegador se instalar\u00e1 esta cookie. Cuando este usuario vuelva a entrar en la web con el mismo navegador, la cookie considerar\u00e1 que es el mismo usuario. Solo en el caso de que el usuario cambie de navegador, se considerar\u00e1 otro usuario. Caduca a los 2 a\u00f1os desde la \u00faltima actualizaci\u00f3n.<\/li>\n<li>_gat: Esta cookie se asocia con Google Analytics Universal. Se utiliza para limitar la velocidad de petici\u00f3n &#8211; la limitaci\u00f3n de la recogida de datos en los sitios de alto tr\u00e1fico. Caduca a los 10 minutos.<\/li>\n<li>_utma: cookie de Google Analytics que registra la fecha de la primera y \u00faltima vez que el usuario visti\u00f3 el sitio web. Caduca a los 2 a\u00f1os desde la \u00faltima actualizaci\u00f3n.<\/li>\n<li>_utmb: cookie de Google Analytics que registra la hora de llegada a la p\u00e1gina web. Caduca a los 30 minutos desde la \u00faltima actualizaci\u00f3n.<\/li>\n<li>_utmc: cookie de Google Analytics utilizada para la interoperabilidad con el c\u00f3digo de seguimiento urchin.js. Se elimina al cerrar el navegador.<\/li>\n<li>_utmt: cookie de Google Analytics. Esta cookie se utiliza para procesar el tipo de solicitud pedida por el usuario. Caduca al finalizar la sesi\u00f3n.<\/li>\n<li>_utmv: cookie de Google Analytics. Esta cookie se utiliza para segmentar datos demogr\u00e1ficos. Caduca al finalizar la sesi\u00f3n.<\/li>\n<li>_utmz: cookie de Google Analytics que almacena la fuente de tr\u00e1fico o una campa\u00f1a para explicar c\u00f3mo el usuario lleg\u00f3 al sitio web. Caduca a los 6 meses desde la \u00faltima actualizaci\u00f3n.<\/li>\n<\/ul>\n<\/li>\n<\/ol>\n<p>Puede encontrar m\u00e1s informaci\u00f3n al respecto e inhabilitar el uso de estas cookies pulsando\u00a0<a href=\"https:\/\/developers.google.com\/analytics\/devguides\/collection\/analyticsjs\/cookie-usage?hl=es#analyticsjs\">aqu\u00ed<\/a>.<\/p>\n<p>3.2.\u00a0A trav\u00e9s de la anal\u00edtica web no se obtiene informaci\u00f3n sobre los datos personales de los usuarios, garantizando la tutela de su privacidad. La informaci\u00f3n que se obtiene es la relativa al n\u00famero de usuarios que acceden a la web, el n\u00famero de p\u00e1ginas vistas, la frecuencia y repetici\u00f3n de las visitas, su duraci\u00f3n, el navegador utilizado, el operador que presta el servicio, el idioma, el terminal que utiliza, o la ciudad a la que est\u00e1 asignada su direcci\u00f3n IP. Informaci\u00f3n que posibilita un mejor y m\u00e1s apropiado servicio por parte de este Sitio Web.<\/p>\n<p>3.3.\u00a0 Adem\u00e1s de las cookies anal\u00edticas referidas en el punto 3.2, este Sitio Web utiliza cookies t\u00e9cnicas que permiten al usuario la navegaci\u00f3n a trav\u00e9s del Sitio Web y la utilizaci\u00f3n de las diferentes opciones o servicios que en \u00e9l existen como, por ejemplo, controlar el tr\u00e1fico y la comunicaci\u00f3n de datos, identificar la sesi\u00f3n, o acceder a secciones de acceso restringido. Las cookies t\u00e9cnicas son las siguientes:<\/p>\n<ol>\n<li>\n<ul>\n<li>AUTH_KEY<\/li>\n<li>SECURE_AUTH_KEY<\/li>\n<li>LOGGED_IN_KEY<\/li>\n<li>NONCE_KEY<\/li>\n<li>comment_author<\/li>\n<li>comment_author_email<\/li>\n<li>comment_author_url<\/li>\n<\/ul>\n<\/li>\n<\/ol>\n<p>3.4. Al acceder el usuario a las p\u00e1ginas o perfiles de Daniel Salvador Lebr\u00f3n en las distintas redes sociales acepta el uso de cookies por parte de las mismas.<\/p>\n<p>3.5.\u00a0Dadas las caracter\u00edsticas de Internet, no siempre contamos con informaci\u00f3n de las cookies que colocan terceras partes a trav\u00e9s de este Sitio Web.\u00a0Por consiguiente, en caso de que se encuentre con este tipo de cookies en este Sitio Web y no est\u00e9n aqu\u00ed descritas, le rogamos que nos lo comunique. Tambi\u00e9n puede ponerse en contacto directamente con el tercero para pedirle informaci\u00f3n sobre las cookies que coloca, la finalidad y la duraci\u00f3n de la cookie, y c\u00f3mo garantiza la privacidad del usuario.<\/p>\n<ol>\n<li><strong>Modificar la configuraci\u00f3n de las cookies<\/strong><\/li>\n<\/ol>\n<p>4.1.\u00a0El usuario puede permitir, bloquear o eliminar las cookies instaladas en su equipo mediante la configuraci\u00f3n de las opciones del navegador instalado en su equipo.<\/p>\n<p>4.2. Para m\u00e1s informaci\u00f3n sobre Microsoft Edge pulse pulse\u00a0<a href=\"https:\/\/learn.microsoft.com\/es-es\/microsoft-edge\/devtools-guide-chromium\/storage\/cookies\">aqu\u00ed<\/a>.<\/p>\n<p>4.3.\u00a0Para m\u00e1s informaci\u00f3n sobre FireFox\u00a0pulse\u00a0<a href=\"http:\/\/support.mozilla.org\/es\/kb\/Borrar%20cookies\">aqu\u00ed<\/a>.<\/p>\n<p>4.4.\u00a0Para m\u00e1s informaci\u00f3n sobre Chrome\u00a0pulse\u00a0<a href=\"http:\/\/support.google.com\/chrome\/answer\/95647?hl=%22es%22\">aqu\u00ed<\/a>.<\/p>\n<p>4.5.\u00a0Para m\u00e1s informaci\u00f3n sobre Safari pulse\u00a0<a href=\"https:\/\/support.apple.com\/es-es\/HT201265\">aqu\u00ed<\/a>.<\/p>\n<p>&nbsp;<\/p>\n\n","protected":false},"excerpt":{"rendered":"<p>Pol\u00edtica de cookies Cookies 1.1.\u00a0SERVEIS INTEGRALS GARROTXA SL le informa que presente sitio web:\u00a0www.creditech.es\u00a0(en adelante, el &#8220;Sitio Web&#8221;) utiliza cookies que ayudan a optimizar su visita. Si contin\u00faa navegando en este Sitio Web, consideramos que acepta su uso. 1.2.\u00a0Una cookie es un fichero que se descarga en su ordenador al acceder a determinadas p\u00e1ginas web. [&hellip;]<\/p>\n","protected":false},"author":9,"featured_media":0,"parent":0,"menu_order":0,"comment_status":"closed","ping_status":"closed","template":"","meta":{"site-sidebar-layout":"default","site-content-layout":"default","ast-site-content-layout":"default","site-content-style":"default","site-sidebar-style":"default","ast-global-header-display":"","ast-banner-title-visibility":"","ast-main-header-display":"","ast-hfb-above-header-display":"","ast-hfb-below-header-display":"","ast-hfb-mobile-header-display":"","site-post-title":"disabled","ast-breadcrumbs-content":"","ast-featured-img":"","footer-sml-layout":"","theme-transparent-header-meta":"default","adv-header-id-meta":"","stick-header-meta":"default","header-above-stick-meta":"","header-main-stick-meta":"","header-below-stick-meta":"","astra-migrate-meta-layouts":"default","ast-page-background-enabled":"default","ast-page-background-meta":{"desktop":{"background-color":"","background-image":"","background-repeat":"repeat","background-position":"center center","background-size":"auto","background-attachment":"scroll","background-type":"","background-media":"","overlay-type":"","overlay-color":"","overlay-opacity":"","overlay-gradient":""},"tablet":{"background-color":"","background-image":"","background-repeat":"repeat","background-position":"center center","background-size":"auto","background-attachment":"scroll","background-type":"","background-media":"","overlay-type":"","overlay-color":"","overlay-opacity":"","overlay-gradient":""},"mobile":{"background-color":"","background-image":"","background-repeat":"repeat","background-position":"center center","background-size":"auto","background-attachment":"scroll","background-type":"","background-media":"","overlay-type":"","overlay-color":"","overlay-opacity":"","overlay-gradient":""}},"ast-content-background-meta":{"desktop":{"background-color":"var(--ast-global-color-5)","background-image":"","background-repeat":"repeat","background-position":"center center","background-size":"auto","background-attachment":"scroll","background-type":"","background-media":"","overlay-type":"","overlay-color":"","overlay-opacity":"","overlay-gradient":""},"tablet":{"background-color":"var(--ast-global-color-5)","background-image":"","background-repeat":"repeat","background-position":"center center","background-size":"auto","background-attachment":"scroll","background-type":"","background-media":"","overlay-type":"","overlay-color":"","overlay-opacity":"","overlay-gradient":""},"mobile":{"background-color":"var(--ast-global-color-5)","background-image":"","background-repeat":"repeat","background-position":"center center","background-size":"auto","background-attachment":"scroll","background-type":"","background-media":"","overlay-type":"","overlay-color":"","overlay-opacity":"","overlay-gradient":""}},"_joinchat":[],"footnotes":""},"class_list":["post-1559","page","type-page","status-publish","hentry"],"yoast_head":"<!-- This site is optimized with the Yoast SEO Premium plugin v19.1 (Yoast SEO v25.4) - https:\/\/yoast.com\/wordpress\/plugins\/seo\/ -->\n<title>Pol\u00edtica de cookies - CREDITECH - Intermediarios de cr\u00e9dito inmobiliario<\/title>\n<meta name=\"robots\" content=\"noindex, follow\" \/>\n<meta property=\"og:locale\" content=\"ca_ES\" \/>\n<meta property=\"og:type\" content=\"article\" \/>\n<meta property=\"og:title\" content=\"Pol\u00edtica de cookies\" \/>\n<meta property=\"og:description\" content=\"Pol\u00edtica de cookies Cookies 1.1.\u00a0SERVEIS INTEGRALS GARROTXA SL le informa que presente sitio web:\u00a0www.creditech.es\u00a0(en adelante, el &#8220;Sitio Web&#8221;) utiliza cookies que ayudan a optimizar su visita. Si contin\u00faa navegando en este Sitio Web, consideramos que acepta su uso. 1.2.\u00a0Una cookie es un fichero que se descarga en su ordenador al acceder a determinadas p\u00e1ginas web. [&hellip;]\" \/>\n<meta property=\"og:url\" content=\"https:\/\/creditech.es\/ca\/politica-de-cookies\/\" \/>\n<meta property=\"og:site_name\" content=\"CREDITECH - Intermediarios de cr\u00e9dito inmobiliario\" \/>\n<meta property=\"article:modified_time\" content=\"2025-03-21T08:31:43+00:00\" \/>\n<meta name=\"twitter:card\" content=\"summary_large_image\" \/>\n<meta name=\"twitter:label1\" content=\"Temps estimat de lectura\" \/>\n\t<meta name=\"twitter:data1\" content=\"4 minuts\" \/>\n<script type=\"application\/ld+json\" class=\"yoast-schema-graph\">{\"@context\":\"https:\/\/schema.org\",\"@graph\":[{\"@type\":\"WebPage\",\"@id\":\"https:\/\/creditech.es\/ca\/politica-de-cookies\/\",\"url\":\"https:\/\/creditech.es\/ca\/politica-de-cookies\/\",\"name\":\"Pol\u00edtica de cookies - CREDITECH - Intermediarios de cr\u00e9dito inmobiliario\",\"isPartOf\":{\"@id\":\"https:\/\/creditech.es\/#website\"},\"datePublished\":\"2018-10-11T15:16:00+00:00\",\"dateModified\":\"2025-03-21T08:31:43+00:00\",\"breadcrumb\":{\"@id\":\"https:\/\/creditech.es\/ca\/politica-de-cookies\/#breadcrumb\"},\"inLanguage\":\"ca\",\"potentialAction\":[{\"@type\":\"ReadAction\",\"target\":[\"https:\/\/creditech.es\/ca\/politica-de-cookies\/\"]}]},{\"@type\":\"BreadcrumbList\",\"@id\":\"https:\/\/creditech.es\/ca\/politica-de-cookies\/#breadcrumb\",\"itemListElement\":[{\"@type\":\"ListItem\",\"position\":1,\"name\":\"Home\",\"item\":\"https:\/\/creditech.es\/ca\/\"},{\"@type\":\"ListItem\",\"position\":2,\"name\":\"Pol\u00edtica de cookies\"}]},{\"@type\":\"WebSite\",\"@id\":\"https:\/\/creditech.es\/#website\",\"url\":\"https:\/\/creditech.es\/\",\"name\":\"CREDITECH - Intermediarios de cr\u00e9dito inmobiliario\",\"description\":\"\",\"publisher\":{\"@id\":\"https:\/\/creditech.es\/#organization\"},\"potentialAction\":[{\"@type\":\"SearchAction\",\"target\":{\"@type\":\"EntryPoint\",\"urlTemplate\":\"https:\/\/creditech.es\/?s={search_term_string}\"},\"query-input\":{\"@type\":\"PropertyValueSpecification\",\"valueRequired\":true,\"valueName\":\"search_term_string\"}}],\"inLanguage\":\"ca\"},{\"@type\":\"Organization\",\"@id\":\"https:\/\/creditech.es\/#organization\",\"name\":\"CREDITECH - Intermediarios de cr\u00e9dito inmobiliario\",\"url\":\"https:\/\/creditech.es\/\",\"logo\":{\"@type\":\"ImageObject\",\"inLanguage\":\"ca\",\"@id\":\"https:\/\/creditech.es\/#\/schema\/logo\/image\/\",\"url\":\"https:\/\/creditech.es\/wp-content\/uploads\/2022\/07\/Logo-Creditech.png\",\"contentUrl\":\"https:\/\/creditech.es\/wp-content\/uploads\/2022\/07\/Logo-Creditech.png\",\"width\":1106,\"height\":686,\"caption\":\"CREDITECH - Intermediarios de cr\u00e9dito inmobiliario\"},\"image\":{\"@id\":\"https:\/\/creditech.es\/#\/schema\/logo\/image\/\"}}]}<\/script>\n<!-- \/ Yoast SEO Premium plugin. -->","yoast_head_json":{"title":"Pol\u00edtica de cookies - CREDITECH - Intermediarios de cr\u00e9dito inmobiliario","robots":{"index":"noindex","follow":"follow"},"og_locale":"ca_ES","og_type":"article","og_title":"Pol\u00edtica de cookies","og_description":"Pol\u00edtica de cookies Cookies 1.1.\u00a0SERVEIS INTEGRALS GARROTXA SL le informa que presente sitio web:\u00a0www.creditech.es\u00a0(en adelante, el &#8220;Sitio Web&#8221;) utiliza cookies que ayudan a optimizar su visita. Si contin\u00faa navegando en este Sitio Web, consideramos que acepta su uso. 1.2.\u00a0Una cookie es un fichero que se descarga en su ordenador al acceder a determinadas p\u00e1ginas web. [&hellip;]","og_url":"https:\/\/creditech.es\/ca\/politica-de-cookies\/","og_site_name":"CREDITECH - Intermediarios de cr\u00e9dito inmobiliario","article_modified_time":"2025-03-21T08:31:43+00:00","twitter_card":"summary_large_image","twitter_misc":{"Temps estimat de lectura":"4 minuts"},"schema":{"@context":"https:\/\/schema.org","@graph":[{"@type":"WebPage","@id":"https:\/\/creditech.es\/ca\/politica-de-cookies\/","url":"https:\/\/creditech.es\/ca\/politica-de-cookies\/","name":"Pol\u00edtica de cookies - CREDITECH - Intermediarios de cr\u00e9dito inmobiliario","isPartOf":{"@id":"https:\/\/creditech.es\/#website"},"datePublished":"2018-10-11T15:16:00+00:00","dateModified":"2025-03-21T08:31:43+00:00","breadcrumb":{"@id":"https:\/\/creditech.es\/ca\/politica-de-cookies\/#breadcrumb"},"inLanguage":"ca","potentialAction":[{"@type":"ReadAction","target":["https:\/\/creditech.es\/ca\/politica-de-cookies\/"]}]},{"@type":"BreadcrumbList","@id":"https:\/\/creditech.es\/ca\/politica-de-cookies\/#breadcrumb","itemListElement":[{"@type":"ListItem","position":1,"name":"Home","item":"https:\/\/creditech.es\/ca\/"},{"@type":"ListItem","position":2,"name":"Pol\u00edtica de cookies"}]},{"@type":"WebSite","@id":"https:\/\/creditech.es\/#website","url":"https:\/\/creditech.es\/","name":"CREDITECH - Intermediarios de cr\u00e9dito inmobiliario","description":"","publisher":{"@id":"https:\/\/creditech.es\/#organization"},"potentialAction":[{"@type":"SearchAction","target":{"@type":"EntryPoint","urlTemplate":"https:\/\/creditech.es\/?s={search_term_string}"},"query-input":{"@type":"PropertyValueSpecification","valueRequired":true,"valueName":"search_term_string"}}],"inLanguage":"ca"},{"@type":"Organization","@id":"https:\/\/creditech.es\/#organization","name":"CREDITECH - Intermediarios de cr\u00e9dito inmobiliario","url":"https:\/\/creditech.es\/","logo":{"@type":"ImageObject","inLanguage":"ca","@id":"https:\/\/creditech.es\/#\/schema\/logo\/image\/","url":"https:\/\/creditech.es\/wp-content\/uploads\/2022\/07\/Logo-Creditech.png","contentUrl":"https:\/\/creditech.es\/wp-content\/uploads\/2022\/07\/Logo-Creditech.png","width":1106,"height":686,"caption":"CREDITECH - Intermediarios de cr\u00e9dito inmobiliario"},"image":{"@id":"https:\/\/creditech.es\/#\/schema\/logo\/image\/"}}]}},"_links":{"self":[{"href":"https:\/\/creditech.es\/ca\/wp-json\/wp\/v2\/pages\/1559","targetHints":{"allow":["GET"]}}],"collection":[{"href":"https:\/\/creditech.es\/ca\/wp-json\/wp\/v2\/pages"}],"about":[{"href":"https:\/\/creditech.es\/ca\/wp-json\/wp\/v2\/types\/page"}],"author":[{"embeddable":true,"href":"https:\/\/creditech.es\/ca\/wp-json\/wp\/v2\/users\/9"}],"replies":[{"embeddable":true,"href":"https:\/\/creditech.es\/ca\/wp-json\/wp\/v2\/comments?post=1559"}],"version-history":[{"count":6,"href":"https:\/\/creditech.es\/ca\/wp-json\/wp\/v2\/pages\/1559\/revisions"}],"predecessor-version":[{"id":2021,"href":"https:\/\/creditech.es\/ca\/wp-json\/wp\/v2\/pages\/1559\/revisions\/2021"}],"wp:attachment":[{"href":"https:\/\/creditech.es\/ca\/wp-json\/wp\/v2\/media?parent=1559"}],"curies":[{"name":"wp","href":"https:\/\/api.w.org\/{rel}","templated":true}]}}