{"id":1564,"date":"2018-10-11T17:15:44","date_gmt":"2018-10-11T15:15:44","guid":{"rendered":"https:\/\/creditech.es\/?page_id=1564"},"modified":"2025-03-21T09:30:40","modified_gmt":"2025-03-21T08:30:40","slug":"politica-de-privadesa","status":"publish","type":"page","link":"https:\/\/creditech.es\/ca\/politica-de-privadesa\/","title":{"rendered":"Pol\u00edtica de Privadesa"},"content":{"rendered":"\n\n\t<h1>Pol\u00edtica de Privadesa<\/h1>\n<p><em>\u00daltima modificaci\u00f3n: 20 de marzo de 2025.<\/em>.<\/p>\n<p>A trav\u00e9s de este sitio web no se recaban datos de car\u00e1cter personal de las personas usuarias sin su conocimiento, ni se ceden a terceros sin su previo consentimiento expreso.<\/p>\n<p>Este portal contiene enlaces a sitios web de terceros, cuyas pol\u00edticas de privacidad son ajenas. Al acceder a tales sitios web usted puede decidir si acepta sus pol\u00edticas de privacidad y de cookies.<\/p>\n<p>El Reglamento de General de Protecci\u00f3n de Datos (RGPD) entr\u00f3 en vigor el 25 de mayo de 2018 y es directamente aplicable a todos los Estados miembros de la Uni\u00f3n Europea. Posteriormente, se aprueba en Espa\u00f1a la Ley Org\u00e1nica 3\/2018, de 5 de diciembre, de Protecci\u00f3n de Datos Personales y garant\u00eda de los derechos digitales.<\/p>\n<p>A continuaci\u00f3n, explicaremos algunas cuestiones fundamentales para que las personas usuarias conozcan la normativa de protecci\u00f3n de datos y los derechos que les amparan.<\/p>\n<ol>\n<li><strong>\u00bfQui\u00e9n es el responsable de tratamiento de sus datos?<\/strong><\/li>\n<\/ol>\n<p>El responsable de los tratamientos de datos referentes a los distintos procesos con respecto la gesti\u00f3n de usuarios, clientes, clientes potenciales, colaboradores y proveedores es SERVEIS INTEGRALS GARROTXA SL, con CIF B55343271, con domicilio en la Calle Bisbe Vilanova, 21 Bj 1r, CP 17800, OLOT.<\/p>\n<p>A efectos de nuestra pol\u00edtica de protecci\u00f3n de datos el tel\u00e9fono de contacto es 932 514 138 y el correo electr\u00f3nico de contacto es\u00a0<a href=\"mailto:info@creditech.es%20\">info@creditech.es <\/a><\/p>\n<p>Asimismo, le informamos que, en el tratamiento de datos en materia de gesti\u00f3n de usuarios, clientes y proveedores, no existen entidades corresponsables del tratamiento.<\/p>\n<ol start=\"2\">\n<li><strong>\u00bfQu\u00e9 tipo de datos tenemos sobre su persona y c\u00f3mo los hemos obtenido?\u00a0<\/strong><\/li>\n<\/ol>\n<p>Dependiendo de los productos, servicios o funcionalidades de los que quiera disfrutar en cada momento necesitaremos tratar diferentes tipos de datos, b\u00e1sicamente informaci\u00f3n precisa para la gesti\u00f3n de nuestros servicios digitales y la prestaci\u00f3n del servicio de intermediaci\u00f3n de cr\u00e9dito inmobiliario.<\/p>\n<ol start=\"3\">\n<li><strong>\u00bfPor cu\u00e1nto tiempo conservaremos sus datos?\u00a0<\/strong><\/li>\n<\/ol>\n<p>Los datos personales proporcionados se conservar\u00e1n durante el tiempo necesario para cumplir con la finalidad para la que se recaban y para determinar las posibles responsabilidades que se pudieran derivar de la finalidad, adem\u00e1s de los per\u00edodos establecidos en la normativa de archivos y documentaci\u00f3n.<\/p>\n<ol start=\"4\">\n<li><strong>\u00bfCon qu\u00e9 finalidad y sobre qu\u00e9 base de legitimaci\u00f3n tratamos sus datos?<\/strong><\/li>\n<\/ol>\n<p>En\u00a0SERVEIS INTEGRALS GARROTXA SL, tratamos los datos que nos facilitan las personas interesadas con el fin de gestionar distintas actividades derivadas de procedimientos espec\u00edficos realizados en materia de ventas, servicio post venta, gesti\u00f3n de proveedores, gesti\u00f3n de candidatos, calidad de servicios, etc. De esta manera, utilizaremos sus datos para llevar al cabo algunas de las siguientes acciones bas\u00e1ndonos en la respectiva base de legitimaci\u00f3n:<\/p>\n<p>El tratamiento de sus datos se realiza para el cumplimiento de obligaciones legales por parte de SERVEIS INTEGRALS GARROTXA SL. Cuando la finalidad del tratamiento requiera su consentimiento, se recabar\u00e1 mediante una clara acci\u00f3n afirmativa.<\/p>\n<p>En base a la informaci\u00f3n facilitada y para que pueda ofrecerle productos y servicios de acuerdo con sus intereses y\/o mejorar su experiencia de usuario le informamos que elaboraremos un &#8220;perfil comercial&#8221;.\u00a0\u00a0No obstante, le informamos que no se tomar\u00e1n decisiones automatizadas en base a dicho perfil.<\/p>\n<ol start=\"5\">\n<li><strong>\u00bfA que destinatarios se comunicar\u00e1n sus datos?<\/strong><\/li>\n<\/ol>\n<p>SERVEIS INTEGRALS GARROTXA SL nunca compartir\u00e1 tus datos personales con ninguna empresa tercera que pretenda utilizarlos en sus acciones de marketing directo, excepto en el caso de que nos hayas autorizado expresamente a ello.<\/p>\n<p>Le informamos que podemos facilitar tus datos personales a organismos de la Administraci\u00f3n P\u00fablica y Autoridades competentes en aquellos casos que SERVEIS INTEGRALS GARROTXA SL, reciba un requerimiento legal por parte de dichas Autoridades o en los casos que, actuando de buena fe, consideramos que tal acci\u00f3n es razonablemente necesaria para cumplir con un proceso judicial; para contestar cualquier reclamaci\u00f3n o demanda jur\u00eddica; o para proteger los derechos de SERVEIS INTEGRALS GARROTXA SL,o sus clientes y el p\u00fablico en general.<\/p>\n<p>As\u00ed mismo le informamos que sus datos ser\u00e1n comunicados a Organizaciones relacionadas con el responsable de ficheros; Bancos; Entidades financieras; Central de Informaci\u00f3n de Riesgos del Banco de Espa\u00f1a (C.I.R.B.E.), con objeto de poder proceder con la finalidad con la Vd. nos facilit\u00f3 sus datos, recabando su consentimiento expreso siempre que sea preciso.<\/p>\n<p>Se comunicar\u00e1n sus datos a los encargados de tratamiento cuando proceda.<\/p>\n<p>Un encargado de tratamiento es la persona f\u00edsica o jur\u00eddica que trata datos personales por cuenta del responsable del tratamiento, como consecuencia de la existencia de una relaci\u00f3n jur\u00eddica que le vincula con el mismo y delimita el \u00e1mbito de su actuaci\u00f3n para la prestaci\u00f3n de un servicio (entidades financieras, empresas de tasaci\u00f3n o gestor\u00edas, entre otros).<\/p>\n<p>Con car\u00e1cter general no se comunicar\u00e1n los datos personales a terceros, salvo obligaci\u00f3n legal o cuando nos haya otorgado su consentimiento expreso.<\/p>\n<p>En cualquier caso, los responsables de tratamiento y terceros deben mantener los mismos niveles de seguridad que SERVEIS INTEGRALS GARROTXA SL, en relaci\u00f3n con tus datos personales.<\/p>\n<p>Le informamos que nuestra entidad no realiza transferencias internacionales de datos en materia de gesti\u00f3n de usuarios, clientes y proveedores.<\/p>\n<ol start=\"6\">\n<li><strong>\u00bfCu\u00e1les son sus derechos?\u00a0<\/strong><\/li>\n<\/ol>\n<p>Cualquier persona tiene derecho a obtener confirmaci\u00f3n sobre si SERVEIS INTEGRALS GARROTXA SL, est\u00e1 tratando datos personales que le conciernan, o no.<\/p>\n<p>En concreto, las personas interesadas pueden solicitar el\u00a0<strong>derecho de acceso<\/strong>\u00a0a sus datos personales, as\u00ed como recibirlos en un formato com\u00fan y lectura mecanizada si el tratamiento se efect\u00faa por medios electr\u00f3nicos (<strong>derecho de portabilidad<\/strong>).<\/p>\n<p>Asimismo, las personas interesadas pueden solicitar el\u00a0<strong>derecho de rectificaci\u00f3n<\/strong>\u00a0de los datos inexactos o, en su caso, solicitar su\u00a0<strong>supresi\u00f3n<\/strong>\u00a0cuando, entre otros motivos, los datos ya no sea necesarios para los fines que fueron recogidos.<\/p>\n<p>Complementariamente, en determinadas circunstancias, los interesados podr\u00e1n solicitar la\u00a0<strong>limitaci\u00f3n del tratamiento de sus datos<\/strong>, o en determinadas circunstancias y por motivos relacionados con su situaci\u00f3n particular, los interesados podr\u00e1n ejercitar su\u00a0<strong>derecho a oponerse<\/strong>\u00a0al tratamiento de sus datos. SERVEIS INTEGRALS GARROTXA SL,. dejar\u00e1 de tratar los datos, salvo por motivos leg\u00edtimos imperiosos, o el ejercicio o la defensa de posibles reclamaciones o en aquellas excepciones establecidas en la normativa aplicable.<\/p>\n<p>Asimismo, le informamos que tiene derecho a retirar sus consentimientos otorgados en cualquier momento, sin que ello afecte a la licitud del tratamiento basado en el consentimiento previo a su retirada.<\/p>\n<p>Para solicitar el acceso, la rectificaci\u00f3n, supresi\u00f3n o limitaci\u00f3n del tratamiento de los datos personales o a oponerse al tratamiento, en el caso de se den los requisitos establecidos en el Reglamento General de Protecci\u00f3n de Datos, as\u00ed como en la Ley Org\u00e1nica 3\/2018, de 5 de diciembre, de Protecci\u00f3n de Datos Personal y garant\u00eda de los derechos digitales, puede dirigir un escrito al responsable del tratamiento, dirigiendo el mismo a SERVEIS INTEGRALS GARROTXA SL, C\/ Bisbe Vilanova, 21 Bj 1r, 17800, OLOT o en por correo electr\u00f3nico a info@creditech.es.<\/p>\n<p>Tambi\u00e9n tendr\u00e1 el derecho a presentar una reclamaci\u00f3n ante la Agencia Espa\u00f1ola de Protecci\u00f3n de Datos (https:\/\/www.aepd.es\/), especialmente cuando no haya obtenido satisfacci\u00f3n en el ejercicio de sus derechos.<\/p>\n<p><strong>Medidas de Seguridad<\/strong><\/p>\n<p>SERVEIS INTEGRALS GARROTXA SL adopta los niveles de seguridad requeridos por la normativa europea y Espa\u00f1ola vigente en protecci\u00f3n de datos teniendo en cuenta el estado de la t\u00e9cnica, los costes de aplicaci\u00f3n y la naturaleza, el alcance, el contexto y los fines del tratamiento descritos, as\u00ed como los riesgos de probabilidad y gravedad variables para sus derechos y libertades como persona.<\/p>\n<p><strong>Tratamiento de datos de menores<\/strong><\/p>\n<p>Al amparo del Reglamento UE 2016\/679 y de la LOPDGDD 3\/2018, los menores de m\u00e1s de 14 a\u00f1os pueden dar su consentimiento a la contrataci\u00f3n de servicios de la sociedad de la informaci\u00f3n, como puede ser la inscripci\u00f3n en un foro, la cumplimentaci\u00f3n de un formulario de contacto, etc. No obstante, ser\u00e1 responsabilidad de SERVEIS INTEGRALS GARROTXA SL comprobar la veracidad de la edad indicada por parte del menor.<\/p>\n<p>Para el tratamiento de datos de menores de 14 a\u00f1os dicha recogida de datos se realizar\u00e1 siempre bajo el expreso consentimiento de los padres o tutores legales.<\/p>\n<p><strong>Modificaciones de nuestra Pol\u00edtica de Protecci\u00f3n de Datos y de Privacidad<\/strong><\/p>\n<p>SERVEIS INTEGRALS GARROTXA SL podr\u00e1 realizar modificaciones y correcciones en este apartado de Pol\u00edtica de Protecci\u00f3n de Datos para Clientes, Proveedores y Usuarios. Por favor, verifique este apartado regularmente para consultar los cambios que puedan haber existido y de qu\u00e9 manera le pueden afectar.<\/p>\n<p><strong>Legislaci\u00f3n aplicable<\/strong><\/p>\n<p>La presente Pol\u00edtica de Protecci\u00f3n de Datos se regir\u00e1 en todo momento por lo dispuesto en la legislaci\u00f3n espa\u00f1ola y europea en materia de protecci\u00f3n de datos de car\u00e1cter personal y de privacidad.<\/p>\n\n","protected":false},"excerpt":{"rendered":"<p>Pol\u00edtica de Privadesa \u00daltima modificaci\u00f3n: 20 de marzo de 2025.. A trav\u00e9s de este sitio web no se recaban datos de car\u00e1cter personal de las personas usuarias sin su conocimiento, ni se ceden a terceros sin su previo consentimiento expreso. Este portal contiene enlaces a sitios web de terceros, cuyas pol\u00edticas de privacidad son ajenas. [&hellip;]<\/p>\n","protected":false},"author":9,"featured_media":0,"parent":0,"menu_order":0,"comment_status":"closed","ping_status":"closed","template":"","meta":{"site-sidebar-layout":"default","site-content-layout":"default","ast-site-content-layout":"default","site-content-style":"default","site-sidebar-style":"default","ast-global-header-display":"","ast-banner-title-visibility":"","ast-main-header-display":"","ast-hfb-above-header-display":"","ast-hfb-below-header-display":"","ast-hfb-mobile-header-display":"","site-post-title":"disabled","ast-breadcrumbs-content":"","ast-featured-img":"","footer-sml-layout":"","theme-transparent-header-meta":"default","adv-header-id-meta":"","stick-header-meta":"default","header-above-stick-meta":"","header-main-stick-meta":"","header-below-stick-meta":"","astra-migrate-meta-layouts":"default","ast-page-background-enabled":"default","ast-page-background-meta":{"desktop":{"background-color":"","background-image":"","background-repeat":"repeat","background-position":"center center","background-size":"auto","background-attachment":"scroll","background-type":"","background-media":"","overlay-type":"","overlay-color":"","overlay-opacity":"","overlay-gradient":""},"tablet":{"background-color":"","background-image":"","background-repeat":"repeat","background-position":"center center","background-size":"auto","background-attachment":"scroll","background-type":"","background-media":"","overlay-type":"","overlay-color":"","overlay-opacity":"","overlay-gradient":""},"mobile":{"background-color":"","background-image":"","background-repeat":"repeat","background-position":"center center","background-size":"auto","background-attachment":"scroll","background-type":"","background-media":"","overlay-type":"","overlay-color":"","overlay-opacity":"","overlay-gradient":""}},"ast-content-background-meta":{"desktop":{"background-color":"var(--ast-global-color-5)","background-image":"","background-repeat":"repeat","background-position":"center center","background-size":"auto","background-attachment":"scroll","background-type":"","background-media":"","overlay-type":"","overlay-color":"","overlay-opacity":"","overlay-gradient":""},"tablet":{"background-color":"var(--ast-global-color-5)","background-image":"","background-repeat":"repeat","background-position":"center center","background-size":"auto","background-attachment":"scroll","background-type":"","background-media":"","overlay-type":"","overlay-color":"","overlay-opacity":"","overlay-gradient":""},"mobile":{"background-color":"var(--ast-global-color-5)","background-image":"","background-repeat":"repeat","background-position":"center center","background-size":"auto","background-attachment":"scroll","background-type":"","background-media":"","overlay-type":"","overlay-color":"","overlay-opacity":"","overlay-gradient":""}},"_joinchat":[],"footnotes":""},"class_list":["post-1564","page","type-page","status-publish","hentry"],"yoast_head":"<!-- This site is optimized with the Yoast SEO Premium plugin v19.1 (Yoast SEO v25.4) - https:\/\/yoast.com\/wordpress\/plugins\/seo\/ -->\n<title>Pol\u00edtica de Privadesa - CREDITECH - Intermediarios de cr\u00e9dito inmobiliario<\/title>\n<meta name=\"robots\" content=\"noindex, follow\" \/>\n<meta property=\"og:locale\" content=\"ca_ES\" \/>\n<meta property=\"og:type\" content=\"article\" \/>\n<meta property=\"og:title\" content=\"Pol\u00edtica de Privadesa\" \/>\n<meta property=\"og:description\" content=\"Pol\u00edtica de Privadesa \u00daltima modificaci\u00f3n: 20 de marzo de 2025.. A trav\u00e9s de este sitio web no se recaban datos de car\u00e1cter personal de las personas usuarias sin su conocimiento, ni se ceden a terceros sin su previo consentimiento expreso. Este portal contiene enlaces a sitios web de terceros, cuyas pol\u00edticas de privacidad son ajenas. [&hellip;]\" \/>\n<meta property=\"og:url\" content=\"https:\/\/creditech.es\/ca\/politica-de-privadesa\/\" \/>\n<meta property=\"og:site_name\" content=\"CREDITECH - Intermediarios de cr\u00e9dito inmobiliario\" \/>\n<meta property=\"article:modified_time\" content=\"2025-03-21T08:30:40+00:00\" \/>\n<meta name=\"twitter:card\" content=\"summary_large_image\" \/>\n<meta name=\"twitter:label1\" content=\"Temps estimat de lectura\" \/>\n\t<meta name=\"twitter:data1\" content=\"3 minuts\" \/>\n<script type=\"application\/ld+json\" class=\"yoast-schema-graph\">{\"@context\":\"https:\/\/schema.org\",\"@graph\":[{\"@type\":\"WebPage\",\"@id\":\"https:\/\/creditech.es\/ca\/politica-de-privadesa\/\",\"url\":\"https:\/\/creditech.es\/ca\/politica-de-privadesa\/\",\"name\":\"Pol\u00edtica de Privadesa - CREDITECH - Intermediarios de cr\u00e9dito inmobiliario\",\"isPartOf\":{\"@id\":\"https:\/\/creditech.es\/#website\"},\"datePublished\":\"2018-10-11T15:15:44+00:00\",\"dateModified\":\"2025-03-21T08:30:40+00:00\",\"breadcrumb\":{\"@id\":\"https:\/\/creditech.es\/ca\/politica-de-privadesa\/#breadcrumb\"},\"inLanguage\":\"ca\",\"potentialAction\":[{\"@type\":\"ReadAction\",\"target\":[\"https:\/\/creditech.es\/ca\/politica-de-privadesa\/\"]}]},{\"@type\":\"BreadcrumbList\",\"@id\":\"https:\/\/creditech.es\/ca\/politica-de-privadesa\/#breadcrumb\",\"itemListElement\":[{\"@type\":\"ListItem\",\"position\":1,\"name\":\"Home\",\"item\":\"https:\/\/creditech.es\/ca\/\"},{\"@type\":\"ListItem\",\"position\":2,\"name\":\"Pol\u00edtica de Privadesa\"}]},{\"@type\":\"WebSite\",\"@id\":\"https:\/\/creditech.es\/#website\",\"url\":\"https:\/\/creditech.es\/\",\"name\":\"CREDITECH - Intermediarios de cr\u00e9dito inmobiliario\",\"description\":\"\",\"publisher\":{\"@id\":\"https:\/\/creditech.es\/#organization\"},\"potentialAction\":[{\"@type\":\"SearchAction\",\"target\":{\"@type\":\"EntryPoint\",\"urlTemplate\":\"https:\/\/creditech.es\/?s={search_term_string}\"},\"query-input\":{\"@type\":\"PropertyValueSpecification\",\"valueRequired\":true,\"valueName\":\"search_term_string\"}}],\"inLanguage\":\"ca\"},{\"@type\":\"Organization\",\"@id\":\"https:\/\/creditech.es\/#organization\",\"name\":\"CREDITECH - Intermediarios de cr\u00e9dito inmobiliario\",\"url\":\"https:\/\/creditech.es\/\",\"logo\":{\"@type\":\"ImageObject\",\"inLanguage\":\"ca\",\"@id\":\"https:\/\/creditech.es\/#\/schema\/logo\/image\/\",\"url\":\"https:\/\/creditech.es\/wp-content\/uploads\/2022\/07\/Logo-Creditech.png\",\"contentUrl\":\"https:\/\/creditech.es\/wp-content\/uploads\/2022\/07\/Logo-Creditech.png\",\"width\":1106,\"height\":686,\"caption\":\"CREDITECH - Intermediarios de cr\u00e9dito inmobiliario\"},\"image\":{\"@id\":\"https:\/\/creditech.es\/#\/schema\/logo\/image\/\"}}]}<\/script>\n<!-- \/ Yoast SEO Premium plugin. -->","yoast_head_json":{"title":"Pol\u00edtica de Privadesa - CREDITECH - Intermediarios de cr\u00e9dito inmobiliario","robots":{"index":"noindex","follow":"follow"},"og_locale":"ca_ES","og_type":"article","og_title":"Pol\u00edtica de Privadesa","og_description":"Pol\u00edtica de Privadesa \u00daltima modificaci\u00f3n: 20 de marzo de 2025.. A trav\u00e9s de este sitio web no se recaban datos de car\u00e1cter personal de las personas usuarias sin su conocimiento, ni se ceden a terceros sin su previo consentimiento expreso. Este portal contiene enlaces a sitios web de terceros, cuyas pol\u00edticas de privacidad son ajenas. [&hellip;]","og_url":"https:\/\/creditech.es\/ca\/politica-de-privadesa\/","og_site_name":"CREDITECH - Intermediarios de cr\u00e9dito inmobiliario","article_modified_time":"2025-03-21T08:30:40+00:00","twitter_card":"summary_large_image","twitter_misc":{"Temps estimat de lectura":"3 minuts"},"schema":{"@context":"https:\/\/schema.org","@graph":[{"@type":"WebPage","@id":"https:\/\/creditech.es\/ca\/politica-de-privadesa\/","url":"https:\/\/creditech.es\/ca\/politica-de-privadesa\/","name":"Pol\u00edtica de Privadesa - CREDITECH - Intermediarios de cr\u00e9dito inmobiliario","isPartOf":{"@id":"https:\/\/creditech.es\/#website"},"datePublished":"2018-10-11T15:15:44+00:00","dateModified":"2025-03-21T08:30:40+00:00","breadcrumb":{"@id":"https:\/\/creditech.es\/ca\/politica-de-privadesa\/#breadcrumb"},"inLanguage":"ca","potentialAction":[{"@type":"ReadAction","target":["https:\/\/creditech.es\/ca\/politica-de-privadesa\/"]}]},{"@type":"BreadcrumbList","@id":"https:\/\/creditech.es\/ca\/politica-de-privadesa\/#breadcrumb","itemListElement":[{"@type":"ListItem","position":1,"name":"Home","item":"https:\/\/creditech.es\/ca\/"},{"@type":"ListItem","position":2,"name":"Pol\u00edtica de Privadesa"}]},{"@type":"WebSite","@id":"https:\/\/creditech.es\/#website","url":"https:\/\/creditech.es\/","name":"CREDITECH - Intermediarios de cr\u00e9dito inmobiliario","description":"","publisher":{"@id":"https:\/\/creditech.es\/#organization"},"potentialAction":[{"@type":"SearchAction","target":{"@type":"EntryPoint","urlTemplate":"https:\/\/creditech.es\/?s={search_term_string}"},"query-input":{"@type":"PropertyValueSpecification","valueRequired":true,"valueName":"search_term_string"}}],"inLanguage":"ca"},{"@type":"Organization","@id":"https:\/\/creditech.es\/#organization","name":"CREDITECH - Intermediarios de cr\u00e9dito inmobiliario","url":"https:\/\/creditech.es\/","logo":{"@type":"ImageObject","inLanguage":"ca","@id":"https:\/\/creditech.es\/#\/schema\/logo\/image\/","url":"https:\/\/creditech.es\/wp-content\/uploads\/2022\/07\/Logo-Creditech.png","contentUrl":"https:\/\/creditech.es\/wp-content\/uploads\/2022\/07\/Logo-Creditech.png","width":1106,"height":686,"caption":"CREDITECH - Intermediarios de cr\u00e9dito inmobiliario"},"image":{"@id":"https:\/\/creditech.es\/#\/schema\/logo\/image\/"}}]}},"_links":{"self":[{"href":"https:\/\/creditech.es\/ca\/wp-json\/wp\/v2\/pages\/1564","targetHints":{"allow":["GET"]}}],"collection":[{"href":"https:\/\/creditech.es\/ca\/wp-json\/wp\/v2\/pages"}],"about":[{"href":"https:\/\/creditech.es\/ca\/wp-json\/wp\/v2\/types\/page"}],"author":[{"embeddable":true,"href":"https:\/\/creditech.es\/ca\/wp-json\/wp\/v2\/users\/9"}],"replies":[{"embeddable":true,"href":"https:\/\/creditech.es\/ca\/wp-json\/wp\/v2\/comments?post=1564"}],"version-history":[{"count":5,"href":"https:\/\/creditech.es\/ca\/wp-json\/wp\/v2\/pages\/1564\/revisions"}],"predecessor-version":[{"id":2018,"href":"https:\/\/creditech.es\/ca\/wp-json\/wp\/v2\/pages\/1564\/revisions\/2018"}],"wp:attachment":[{"href":"https:\/\/creditech.es\/ca\/wp-json\/wp\/v2\/media?parent=1564"}],"curies":[{"name":"wp","href":"https:\/\/api.w.org\/{rel}","templated":true}]}}