{"id":1583,"date":"2022-07-18T11:45:50","date_gmt":"2022-07-18T09:45:50","guid":{"rendered":"https:\/\/creditech.es\/?page_id=1583"},"modified":"2026-03-02T16:23:12","modified_gmt":"2026-03-02T15:23:12","slug":"contacte","status":"publish","type":"page","link":"https:\/\/creditech.es\/ca\/contacte\/","title":{"rendered":"CONTACTE"},"content":{"rendered":"\n<h6>\n\t\t\tCreditech t&#8217;aconsegueix les millors condicions per la compra de la teva vivienda\t<\/h6>\n\t\t\t\t<img decoding=\"async\" src=\"https:\/\/creditech.es\/wp-content\/uploads\/2022\/07\/icon-contacto-hipoteca-100.png\" alt=\"Te ayudamos a encontrar la mejor hipoteca. CREDITECH - ASESORES HIPOTECARIOS\" itemprop=\"image\" height=\"64\" width=\"64\" title=\"icon-contacto-hipoteca-100\" onerror=\"this.style.display='none'\" loading='lazy' \/>\n<h6>\n\t\t\tHipoteca 100%\t<\/h6>\n\t<p>T&#8217;aconseguim el m\u00e0xim finan\u00e7ament per l&#8217;adquisici\u00f3 de la teva vivienda.<\/p>\n\t\t\t\t<img decoding=\"async\" src=\"https:\/\/creditech.es\/wp-content\/uploads\/2022\/07\/icon-contacto-ahorro.png\" alt=\"Te ayudamos a encontrar la mejor hipoteca. CREDITECH - ASESORES HIPOTECARIOS\" itemprop=\"image\" height=\"64\" width=\"64\" title=\"icon-contacto-ahorro\" onerror=\"this.style.display='none'\" loading='lazy' \/>\n<h6>\n\t\t\tEstalvi\t<\/h6>\n\t<p>Negociem amb els bancs les millors condicions del mercat.<\/p>\n\t\t\t\t<img decoding=\"async\" src=\"https:\/\/creditech.es\/wp-content\/uploads\/2022\/07\/icon-contacto-rapidez.png\" alt=\"Te ayudamos a encontrar la mejor hipoteca. CREDITECH - ASESORES HIPOTECARIOS\" itemprop=\"image\" height=\"64\" width=\"64\" title=\"icon-contacto-rapidez\" onerror=\"this.style.display='none'\" loading='lazy' \/>\n<h6>\n\t\t\tRapidesa\t<\/h6>\n\t<p>Estudi gratu\u00eft en 24 hores, sense comprom\u00eds.<\/p>\n\t\t\t\t<img decoding=\"async\" src=\"https:\/\/creditech.es\/wp-content\/uploads\/2022\/07\/icon-contacto-facilidad.png\" alt=\"Te ayudamos a encontrar la mejor hipoteca. CREDITECH - ASESORES HIPOTECARIOS\" itemprop=\"image\" height=\"64\" width=\"64\" title=\"icon-contacto-facilidad\" onerror=\"this.style.display='none'\" loading='lazy' \/>\n<h6>\n\t\t\tFacilitat\t<\/h6>\n\t<p>Un gestor personal t&#8217;acompanyar\u00e0 durant tot el proc\u00e9s.<\/p>\n<h3>\n\t\t\tContacta amb nosaltres\t<\/h3>\n\t<p>Oferim pre estudi de viabilitat <strong>gratuit<\/strong>: <strong>\u00a1Solicita&#8217;l ja, sense comprom\u00eds!<\/strong><\/p>\n\t\t\t<h2>Tel\u00e8fon<\/h2>\n\t\t\t\t<p><a href=\"tel:932514138\" target=\"_blank\" rel=\"noopener\">+34 93 251 41 38<\/a><\/p>\n\t\t\t<h2>Email<\/h2>\n\t\t\t\t<p><a href=\"mailto:info@creditech.es\" target=\"_blank\" rel=\"noopener\">info@creditech.es<\/a><\/p>\n\n","protected":false},"excerpt":{"rendered":"<p>Creditech t&#8217;aconsegueix les millors condicions per la compra de la teva vivienda Hipoteca 100% T&#8217;aconseguim el m\u00e0xim finan\u00e7ament per l&#8217;adquisici\u00f3 de la teva vivienda. Estalvi Negociem amb els bancs les millors condicions del mercat. Rapidesa Estudi gratu\u00eft en 24 hores, sense comprom\u00eds. Facilitat Un gestor personal t&#8217;acompanyar\u00e0 durant tot el proc\u00e9s. Contacta amb nosaltres Oferim [&hellip;]<\/p>\n","protected":false},"author":9,"featured_media":1399,"parent":0,"menu_order":0,"comment_status":"closed","ping_status":"closed","template":"","meta":{"site-sidebar-layout":"no-sidebar","site-content-layout":"page-builder","ast-site-content-layout":"default","site-content-style":"default","site-sidebar-style":"default","ast-global-header-display":"","ast-banner-title-visibility":"","ast-main-header-display":"","ast-hfb-above-header-display":"","ast-hfb-below-header-display":"","ast-hfb-mobile-header-display":"","site-post-title":"disabled","ast-breadcrumbs-content":"","ast-featured-img":"disabled","footer-sml-layout":"","theme-transparent-header-meta":"default","adv-header-id-meta":"","stick-header-meta":"default","header-above-stick-meta":"","header-main-stick-meta":"","header-below-stick-meta":"","astra-migrate-meta-layouts":"default","ast-page-background-enabled":"default","ast-page-background-meta":{"desktop":{"background-color":"","background-image":"","background-repeat":"repeat","background-position":"center center","background-size":"auto","background-attachment":"scroll","background-type":"","background-media":"","overlay-type":"","overlay-color":"","overlay-opacity":"","overlay-gradient":""},"tablet":{"background-color":"","background-image":"","background-repeat":"repeat","background-position":"center center","background-size":"auto","background-attachment":"scroll","background-type":"","background-media":"","overlay-type":"","overlay-color":"","overlay-opacity":"","overlay-gradient":""},"mobile":{"background-color":"","background-image":"","background-repeat":"repeat","background-position":"center center","background-size":"auto","background-attachment":"scroll","background-type":"","background-media":"","overlay-type":"","overlay-color":"","overlay-opacity":"","overlay-gradient":""}},"ast-content-background-meta":{"desktop":{"background-color":"var(--ast-global-color-5)","background-image":"","background-repeat":"repeat","background-position":"center center","background-size":"auto","background-attachment":"scroll","background-type":"","background-media":"","overlay-type":"","overlay-color":"","overlay-opacity":"","overlay-gradient":""},"tablet":{"background-color":"var(--ast-global-color-5)","background-image":"","background-repeat":"repeat","background-position":"center center","background-size":"auto","background-attachment":"scroll","background-type":"","background-media":"","overlay-type":"","overlay-color":"","overlay-opacity":"","overlay-gradient":""},"mobile":{"background-color":"var(--ast-global-color-5)","background-image":"","background-repeat":"repeat","background-position":"center center","background-size":"auto","background-attachment":"scroll","background-type":"","background-media":"","overlay-type":"","overlay-color":"","overlay-opacity":"","overlay-gradient":""}},"_joinchat":[],"footnotes":""},"class_list":["post-1583","page","type-page","status-publish","has-post-thumbnail","hentry"],"yoast_head":"<!-- This site is optimized with the Yoast SEO Premium plugin v19.1 (Yoast SEO v25.4) - https:\/\/yoast.com\/wordpress\/plugins\/seo\/ -->\n<title>CONTACTE - CREDITECH - Intermediarios de cr\u00e9dito inmobiliario<\/title>\n<meta name=\"description\" content=\"En Creditech te conseguiremos las mejores condiciones para la compra de tu vivienda. Financiamos hasta 100% de tu hipoteca. \u00a1Solic\u00edtalo ya!\" \/>\n<meta name=\"robots\" content=\"index, follow, max-snippet:-1, max-image-preview:large, max-video-preview:-1\" \/>\n<link rel=\"canonical\" href=\"https:\/\/creditech.es\/ca\/contacte\/\" \/>\n<meta property=\"og:locale\" content=\"ca_ES\" \/>\n<meta property=\"og:type\" content=\"article\" \/>\n<meta property=\"og:title\" content=\"CONTACTE\" \/>\n<meta property=\"og:description\" content=\"En Creditech te conseguiremos las mejores condiciones para la compra de tu vivienda. Financiamos hasta 100% de tu hipoteca. \u00a1Solic\u00edtalo ya!\" \/>\n<meta property=\"og:url\" content=\"https:\/\/creditech.es\/ca\/contacte\/\" \/>\n<meta property=\"og:site_name\" content=\"CREDITECH - Intermediarios de cr\u00e9dito inmobiliario\" \/>\n<meta property=\"article:modified_time\" content=\"2026-03-02T15:23:12+00:00\" \/>\n<meta property=\"og:image\" content=\"https:\/\/creditech.es\/wp-content\/uploads\/2022\/07\/pareja-feliz-por-conseguir-la-mejor-hipoteca-del-mercado.jpg\" \/>\n\t<meta property=\"og:image:width\" content=\"1200\" \/>\n\t<meta property=\"og:image:height\" content=\"800\" \/>\n\t<meta property=\"og:image:type\" content=\"image\/jpeg\" \/>\n<meta name=\"twitter:card\" content=\"summary_large_image\" \/>\n<meta name=\"twitter:label1\" content=\"Temps estimat de lectura\" \/>\n\t<meta name=\"twitter:data1\" content=\"2 minuts\" \/>\n<script type=\"application\/ld+json\" class=\"yoast-schema-graph\">{\"@context\":\"https:\/\/schema.org\",\"@graph\":[{\"@type\":\"WebPage\",\"@id\":\"https:\/\/creditech.es\/ca\/contacte\/\",\"url\":\"https:\/\/creditech.es\/ca\/contacte\/\",\"name\":\"CONTACTE - CREDITECH - Intermediarios de cr\u00e9dito inmobiliario\",\"isPartOf\":{\"@id\":\"https:\/\/creditech.es\/#website\"},\"primaryImageOfPage\":{\"@id\":\"https:\/\/creditech.es\/ca\/contacte\/#primaryimage\"},\"image\":{\"@id\":\"https:\/\/creditech.es\/ca\/contacte\/#primaryimage\"},\"thumbnailUrl\":\"https:\/\/creditech.es\/wp-content\/uploads\/2022\/07\/pareja-feliz-por-conseguir-la-mejor-hipoteca-del-mercado.jpg\",\"datePublished\":\"2022-07-18T09:45:50+00:00\",\"dateModified\":\"2026-03-02T15:23:12+00:00\",\"description\":\"En Creditech te conseguiremos las mejores condiciones para la compra de tu vivienda. Financiamos hasta 100% de tu hipoteca. \u00a1Solic\u00edtalo ya!\",\"breadcrumb\":{\"@id\":\"https:\/\/creditech.es\/ca\/contacte\/#breadcrumb\"},\"inLanguage\":\"ca\",\"potentialAction\":[{\"@type\":\"ReadAction\",\"target\":[\"https:\/\/creditech.es\/ca\/contacte\/\"]}]},{\"@type\":\"ImageObject\",\"inLanguage\":\"ca\",\"@id\":\"https:\/\/creditech.es\/ca\/contacte\/#primaryimage\",\"url\":\"https:\/\/creditech.es\/wp-content\/uploads\/2022\/07\/pareja-feliz-por-conseguir-la-mejor-hipoteca-del-mercado.jpg\",\"contentUrl\":\"https:\/\/creditech.es\/wp-content\/uploads\/2022\/07\/pareja-feliz-por-conseguir-la-mejor-hipoteca-del-mercado.jpg\",\"width\":1200,\"height\":800},{\"@type\":\"BreadcrumbList\",\"@id\":\"https:\/\/creditech.es\/ca\/contacte\/#breadcrumb\",\"itemListElement\":[{\"@type\":\"ListItem\",\"position\":1,\"name\":\"Home\",\"item\":\"https:\/\/creditech.es\/ca\/\"},{\"@type\":\"ListItem\",\"position\":2,\"name\":\"CONTACTE\"}]},{\"@type\":\"WebSite\",\"@id\":\"https:\/\/creditech.es\/#website\",\"url\":\"https:\/\/creditech.es\/\",\"name\":\"CREDITECH - Intermediarios de cr\u00e9dito inmobiliario\",\"description\":\"\",\"publisher\":{\"@id\":\"https:\/\/creditech.es\/#organization\"},\"potentialAction\":[{\"@type\":\"SearchAction\",\"target\":{\"@type\":\"EntryPoint\",\"urlTemplate\":\"https:\/\/creditech.es\/?s={search_term_string}\"},\"query-input\":{\"@type\":\"PropertyValueSpecification\",\"valueRequired\":true,\"valueName\":\"search_term_string\"}}],\"inLanguage\":\"ca\"},{\"@type\":\"Organization\",\"@id\":\"https:\/\/creditech.es\/#organization\",\"name\":\"CREDITECH - Intermediarios de cr\u00e9dito inmobiliario\",\"url\":\"https:\/\/creditech.es\/\",\"logo\":{\"@type\":\"ImageObject\",\"inLanguage\":\"ca\",\"@id\":\"https:\/\/creditech.es\/#\/schema\/logo\/image\/\",\"url\":\"https:\/\/creditech.es\/wp-content\/uploads\/2022\/07\/Logo-Creditech.png\",\"contentUrl\":\"https:\/\/creditech.es\/wp-content\/uploads\/2022\/07\/Logo-Creditech.png\",\"width\":1106,\"height\":686,\"caption\":\"CREDITECH - Intermediarios de cr\u00e9dito inmobiliario\"},\"image\":{\"@id\":\"https:\/\/creditech.es\/#\/schema\/logo\/image\/\"}}]}<\/script>\n<!-- \/ Yoast SEO Premium plugin. -->","yoast_head_json":{"title":"CONTACTE - CREDITECH - Intermediarios de cr\u00e9dito inmobiliario","description":"En Creditech te conseguiremos las mejores condiciones para la compra de tu vivienda. Financiamos hasta 100% de tu hipoteca. \u00a1Solic\u00edtalo ya!","robots":{"index":"index","follow":"follow","max-snippet":"max-snippet:-1","max-image-preview":"max-image-preview:large","max-video-preview":"max-video-preview:-1"},"canonical":"https:\/\/creditech.es\/ca\/contacte\/","og_locale":"ca_ES","og_type":"article","og_title":"CONTACTE","og_description":"En Creditech te conseguiremos las mejores condiciones para la compra de tu vivienda. Financiamos hasta 100% de tu hipoteca. \u00a1Solic\u00edtalo ya!","og_url":"https:\/\/creditech.es\/ca\/contacte\/","og_site_name":"CREDITECH - Intermediarios de cr\u00e9dito inmobiliario","article_modified_time":"2026-03-02T15:23:12+00:00","og_image":[{"width":1200,"height":800,"url":"https:\/\/creditech.es\/wp-content\/uploads\/2022\/07\/pareja-feliz-por-conseguir-la-mejor-hipoteca-del-mercado.jpg","type":"image\/jpeg"}],"twitter_card":"summary_large_image","twitter_misc":{"Temps estimat de lectura":"2 minuts"},"schema":{"@context":"https:\/\/schema.org","@graph":[{"@type":"WebPage","@id":"https:\/\/creditech.es\/ca\/contacte\/","url":"https:\/\/creditech.es\/ca\/contacte\/","name":"CONTACTE - CREDITECH - Intermediarios de cr\u00e9dito inmobiliario","isPartOf":{"@id":"https:\/\/creditech.es\/#website"},"primaryImageOfPage":{"@id":"https:\/\/creditech.es\/ca\/contacte\/#primaryimage"},"image":{"@id":"https:\/\/creditech.es\/ca\/contacte\/#primaryimage"},"thumbnailUrl":"https:\/\/creditech.es\/wp-content\/uploads\/2022\/07\/pareja-feliz-por-conseguir-la-mejor-hipoteca-del-mercado.jpg","datePublished":"2022-07-18T09:45:50+00:00","dateModified":"2026-03-02T15:23:12+00:00","description":"En Creditech te conseguiremos las mejores condiciones para la compra de tu vivienda. Financiamos hasta 100% de tu hipoteca. \u00a1Solic\u00edtalo ya!","breadcrumb":{"@id":"https:\/\/creditech.es\/ca\/contacte\/#breadcrumb"},"inLanguage":"ca","potentialAction":[{"@type":"ReadAction","target":["https:\/\/creditech.es\/ca\/contacte\/"]}]},{"@type":"ImageObject","inLanguage":"ca","@id":"https:\/\/creditech.es\/ca\/contacte\/#primaryimage","url":"https:\/\/creditech.es\/wp-content\/uploads\/2022\/07\/pareja-feliz-por-conseguir-la-mejor-hipoteca-del-mercado.jpg","contentUrl":"https:\/\/creditech.es\/wp-content\/uploads\/2022\/07\/pareja-feliz-por-conseguir-la-mejor-hipoteca-del-mercado.jpg","width":1200,"height":800},{"@type":"BreadcrumbList","@id":"https:\/\/creditech.es\/ca\/contacte\/#breadcrumb","itemListElement":[{"@type":"ListItem","position":1,"name":"Home","item":"https:\/\/creditech.es\/ca\/"},{"@type":"ListItem","position":2,"name":"CONTACTE"}]},{"@type":"WebSite","@id":"https:\/\/creditech.es\/#website","url":"https:\/\/creditech.es\/","name":"CREDITECH - Intermediarios de cr\u00e9dito inmobiliario","description":"","publisher":{"@id":"https:\/\/creditech.es\/#organization"},"potentialAction":[{"@type":"SearchAction","target":{"@type":"EntryPoint","urlTemplate":"https:\/\/creditech.es\/?s={search_term_string}"},"query-input":{"@type":"PropertyValueSpecification","valueRequired":true,"valueName":"search_term_string"}}],"inLanguage":"ca"},{"@type":"Organization","@id":"https:\/\/creditech.es\/#organization","name":"CREDITECH - Intermediarios de cr\u00e9dito inmobiliario","url":"https:\/\/creditech.es\/","logo":{"@type":"ImageObject","inLanguage":"ca","@id":"https:\/\/creditech.es\/#\/schema\/logo\/image\/","url":"https:\/\/creditech.es\/wp-content\/uploads\/2022\/07\/Logo-Creditech.png","contentUrl":"https:\/\/creditech.es\/wp-content\/uploads\/2022\/07\/Logo-Creditech.png","width":1106,"height":686,"caption":"CREDITECH - Intermediarios de cr\u00e9dito inmobiliario"},"image":{"@id":"https:\/\/creditech.es\/#\/schema\/logo\/image\/"}}]}},"_links":{"self":[{"href":"https:\/\/creditech.es\/ca\/wp-json\/wp\/v2\/pages\/1583","targetHints":{"allow":["GET"]}}],"collection":[{"href":"https:\/\/creditech.es\/ca\/wp-json\/wp\/v2\/pages"}],"about":[{"href":"https:\/\/creditech.es\/ca\/wp-json\/wp\/v2\/types\/page"}],"author":[{"embeddable":true,"href":"https:\/\/creditech.es\/ca\/wp-json\/wp\/v2\/users\/9"}],"replies":[{"embeddable":true,"href":"https:\/\/creditech.es\/ca\/wp-json\/wp\/v2\/comments?post=1583"}],"version-history":[{"count":20,"href":"https:\/\/creditech.es\/ca\/wp-json\/wp\/v2\/pages\/1583\/revisions"}],"predecessor-version":[{"id":2066,"href":"https:\/\/creditech.es\/ca\/wp-json\/wp\/v2\/pages\/1583\/revisions\/2066"}],"wp:featuredmedia":[{"embeddable":true,"href":"https:\/\/creditech.es\/ca\/wp-json\/wp\/v2\/media\/1399"}],"wp:attachment":[{"href":"https:\/\/creditech.es\/ca\/wp-json\/wp\/v2\/media?parent=1583"}],"curies":[{"name":"wp","href":"https:\/\/api.w.org\/{rel}","templated":true}]}}