{"id":1586,"date":"2022-08-25T13:51:13","date_gmt":"2022-08-25T11:51:13","guid":{"rendered":"https:\/\/creditech.es\/?page_id=1586"},"modified":"2022-08-26T09:22:52","modified_gmt":"2022-08-26T07:22:52","slug":"altres-serveis","status":"publish","type":"page","link":"https:\/\/creditech.es\/ca\/altres-serveis\/","title":{"rendered":"ALTRES SERVEIS"},"content":{"rendered":"\n\n\t\t\t<h2>Altres serveis<\/h2>\t\t\t\n\t\t<h3>HIPOTEQUES AUTOPROMOCI\u00d3<\/h3>\t\t\n\t\t\t<p>Fes realitat el teu projecte. T&#8217;oferim, durant tot el proc\u00e9s, la guia i l&#8217;assessorament que necessites. Et presentem les millors condicions i gestionem l&#8217;obtenci\u00f3 de finan\u00e7ament en els moments \u00f2ptims, perqu\u00e8 puguis entrar a viure com m\u00e9s aviat millor al teu nou habitatge.<\/p>\n\t\t\t\t<img decoding=\"async\" src=\"https:\/\/creditech.es\/wp-content\/uploads\/2022\/08\/creditech-hipoteca-autopromocion.jpg\" alt=\"Te ayudamos a encontrar la mejor hipoteca. CREDITECH - ASESORES HIPOTECARIOS\" title=\"creditech-hipoteca-autopromocion\" itemprop=\"image\"\/>\n\t\t\t\t<img decoding=\"async\" src=\"https:\/\/creditech.es\/wp-content\/uploads\/2022\/08\/creditech-seguimiento-post-hipoteca.jpg\" alt=\"Te ayudamos a encontrar la mejor hipoteca. CREDITECH - ASESORES HIPOTECARIOS\" title=\"creditech-seguimiento-post-hipoteca\" itemprop=\"image\"\/>\n\t\t<h3>SEGUIMENT POST HIPOTECA<\/h3>\t\t\n\t\t\t<p>No et preocupis si la teva hipoteca es torna cara pels canvis continus en les condicions que ofereixen els bancs. La nostra proposta \u00e9s millorar la teva hipoteca en el moment que el mercat hipotecari ofereixi millors condicions. No paguis m\u00e9s del necessari. Amb el nostre assessorament Post Hipoteca, aconseguir\u00e0s estalviar a la teva quota mensual i tamb\u00e9 en vinculacions hipotec\u00e0ries.<\/p>\n\t\t<h3>REUNIFICACI\u00d3 DEUTES<\/h3>\t\t\n\t\t\t<p>Si tens diverses quotes mensuals de diferents pr\u00e9stecs i vols rebaixar el teu endeutament, sol\u00b7licita ja el teu estudi gratu\u00eft i coneix quina \u00e9s la millor soluci\u00f3. Pagar menys al mes \u00e9s possible.<\/p>\n\t\t\t\t<img decoding=\"async\" src=\"https:\/\/creditech.es\/wp-content\/uploads\/2022\/08\/creditech-reunificacion-de-deudas.jpg\" alt=\"Te ayudamos a encontrar la mejor hipoteca. CREDITECH - ASESORES HIPOTECARIOS\" title=\"creditech-reunificacion-de-deudas\" itemprop=\"image\"\/>\n\t\t\t<h5>Contacte amb nosaltres<\/h5>\t\t\t\n\t\t\t\t<p>T&#8217;oferim assessorament hipotecari amb tracte personalitzat, sense cap comprom\u00eds. <a href=\"https:\/\/creditech.es\/ca\/contacto\/\"><strong>Contacta&#8217;ns ara<\/strong><\/a> y et donarem resposta en menys de 24 hores.<\/p>\n\t\t\t<a href=\"https:\/\/creditech.es\/ca\/contacte\/\" target=\"_self\" role=\"button\" aria-label=\"CONTACTE AMB NOSALTRES\" rel=\"noopener\">\n\t\t\t\t\t\t\tCONTACTE AMB NOSALTRES\n\t\t<\/a>\n\t\t\t\t<img decoding=\"async\" src=\"https:\/\/creditech.es\/wp-content\/uploads\/2022\/08\/creditech-seguros-y-vinculaciones-hipotecarias.jpg\" alt=\"Te ayudamos a encontrar la mejor hipoteca. CREDITECH - ASESORES HIPOTECARIOS\" title=\"creditech-seguros-y-vinculaciones-hipotecarias\" itemprop=\"image\"\/>\n\t\t<h3>PR\u00c9STECS PERSONALS<\/h3>\t\t\n\t\t\t<p>Aconsegueix amb nosaltres aquell finan\u00e7ament que necessites. Reforma del teu habitatge, estrenar cotxe nou, pr\u00e9stecs Per necessitats de finan\u00e7ament o pr\u00e9stecs sense demostrar Justificaci\u00f3.<\/p>\n\t\t<h3>ASSEGURANCES I VINCULACIONS HIPOTEC\u00c0RIES<\/h3>\t\t\n\t\t\t<p>Tingues en compte quines assegurances i vinculacions encariran la teva hipoteca. Permeti&#8217;ns gestionarles, rebaixar-les i incl\u00fas avisar-te quan no sigui rentable bonificar la teva hipoteca. Aqu\u00ed hi ha molts diners per estalviar-te.<\/p>\n\t\t\t\t<img decoding=\"async\" src=\"https:\/\/creditech.es\/wp-content\/uploads\/2022\/08\/creditech-prestamos-personales-hipoteca.jpg\" alt=\"Te ayudamos a encontrar la mejor hipoteca. CREDITECH - ASESORES HIPOTECARIOS\" title=\"creditech-prestamos-personales-hipoteca\" itemprop=\"image\"\/>\n\t\t\n","protected":false},"excerpt":{"rendered":"<p>Altres serveis HIPOTEQUES AUTOPROMOCI\u00d3 Fes realitat el teu projecte. T&#8217;oferim, durant tot el proc\u00e9s, la guia i l&#8217;assessorament que necessites. Et presentem les millors condicions i gestionem l&#8217;obtenci\u00f3 de finan\u00e7ament en els moments \u00f2ptims, perqu\u00e8 puguis entrar a viure com m\u00e9s aviat millor al teu nou habitatge. SEGUIMENT POST HIPOTECA No et preocupis si la [&hellip;]<\/p>\n","protected":false},"author":9,"featured_media":0,"parent":0,"menu_order":0,"comment_status":"closed","ping_status":"closed","template":"","meta":{"site-sidebar-layout":"no-sidebar","site-content-layout":"page-builder","ast-site-content-layout":"default","site-content-style":"default","site-sidebar-style":"default","ast-global-header-display":"","ast-banner-title-visibility":"","ast-main-header-display":"","ast-hfb-above-header-display":"","ast-hfb-below-header-display":"","ast-hfb-mobile-header-display":"","site-post-title":"disabled","ast-breadcrumbs-content":"","ast-featured-img":"disabled","footer-sml-layout":"","theme-transparent-header-meta":"default","adv-header-id-meta":"","stick-header-meta":"default","header-above-stick-meta":"","header-main-stick-meta":"","header-below-stick-meta":"","astra-migrate-meta-layouts":"default","ast-page-background-enabled":"default","ast-page-background-meta":{"desktop":{"background-color":"","background-image":"","background-repeat":"repeat","background-position":"center center","background-size":"auto","background-attachment":"scroll","background-type":"","background-media":"","overlay-type":"","overlay-color":"","overlay-opacity":"","overlay-gradient":""},"tablet":{"background-color":"","background-image":"","background-repeat":"repeat","background-position":"center center","background-size":"auto","background-attachment":"scroll","background-type":"","background-media":"","overlay-type":"","overlay-color":"","overlay-opacity":"","overlay-gradient":""},"mobile":{"background-color":"","background-image":"","background-repeat":"repeat","background-position":"center center","background-size":"auto","background-attachment":"scroll","background-type":"","background-media":"","overlay-type":"","overlay-color":"","overlay-opacity":"","overlay-gradient":""}},"ast-content-background-meta":{"desktop":{"background-color":"var(--ast-global-color-5)","background-image":"","background-repeat":"repeat","background-position":"center center","background-size":"auto","background-attachment":"scroll","background-type":"","background-media":"","overlay-type":"","overlay-color":"","overlay-opacity":"","overlay-gradient":""},"tablet":{"background-color":"var(--ast-global-color-5)","background-image":"","background-repeat":"repeat","background-position":"center center","background-size":"auto","background-attachment":"scroll","background-type":"","background-media":"","overlay-type":"","overlay-color":"","overlay-opacity":"","overlay-gradient":""},"mobile":{"background-color":"var(--ast-global-color-5)","background-image":"","background-repeat":"repeat","background-position":"center center","background-size":"auto","background-attachment":"scroll","background-type":"","background-media":"","overlay-type":"","overlay-color":"","overlay-opacity":"","overlay-gradient":""}},"_joinchat":[],"footnotes":""},"class_list":["post-1586","page","type-page","status-publish","hentry"],"yoast_head":"<!-- This site is optimized with the Yoast SEO Premium plugin v19.1 (Yoast SEO v25.4) - https:\/\/yoast.com\/wordpress\/plugins\/seo\/ -->\n<title>ALTRES SERVEIS - CREDITECH - Intermediarios de cr\u00e9dito inmobiliario<\/title>\n<meta name=\"description\" content=\"Hipoteca Autopromoci\u00f3n, Seguimiento Post Hipoteca, Reunificaci\u00f3n Deudas, Pr\u00e9stamos Personales y Seguros y vinculaciones Hipotecarias.\" \/>\n<meta name=\"robots\" content=\"index, follow, max-snippet:-1, max-image-preview:large, max-video-preview:-1\" \/>\n<link rel=\"canonical\" href=\"https:\/\/creditech.es\/ca\/altres-serveis\/\" \/>\n<meta property=\"og:locale\" content=\"ca_ES\" \/>\n<meta property=\"og:type\" content=\"article\" \/>\n<meta property=\"og:title\" content=\"ALTRES SERVEIS\" \/>\n<meta property=\"og:description\" content=\"Hipoteca Autopromoci\u00f3n, Seguimiento Post Hipoteca, Reunificaci\u00f3n Deudas, Pr\u00e9stamos Personales y Seguros y vinculaciones Hipotecarias.\" \/>\n<meta property=\"og:url\" content=\"https:\/\/creditech.es\/ca\/altres-serveis\/\" \/>\n<meta property=\"og:site_name\" content=\"CREDITECH - Intermediarios de cr\u00e9dito inmobiliario\" \/>\n<meta property=\"article:modified_time\" content=\"2022-08-26T07:22:52+00:00\" \/>\n<meta property=\"og:image\" content=\"https:\/\/creditech.es\/wp-content\/uploads\/2022\/08\/creditech-hipoteca-autopromocion.jpg\" \/>\n<meta name=\"twitter:card\" content=\"summary_large_image\" \/>\n<meta name=\"twitter:label1\" content=\"Temps estimat de lectura\" \/>\n\t<meta name=\"twitter:data1\" content=\"2 minuts\" \/>\n<script type=\"application\/ld+json\" class=\"yoast-schema-graph\">{\"@context\":\"https:\/\/schema.org\",\"@graph\":[{\"@type\":\"WebPage\",\"@id\":\"https:\/\/creditech.es\/ca\/altres-serveis\/\",\"url\":\"https:\/\/creditech.es\/ca\/altres-serveis\/\",\"name\":\"ALTRES SERVEIS - CREDITECH - Intermediarios de cr\u00e9dito inmobiliario\",\"isPartOf\":{\"@id\":\"https:\/\/creditech.es\/#website\"},\"primaryImageOfPage\":{\"@id\":\"https:\/\/creditech.es\/ca\/altres-serveis\/#primaryimage\"},\"image\":{\"@id\":\"https:\/\/creditech.es\/ca\/altres-serveis\/#primaryimage\"},\"thumbnailUrl\":\"https:\/\/creditech.es\/wp-content\/uploads\/2022\/08\/creditech-hipoteca-autopromocion.jpg\",\"datePublished\":\"2022-08-25T11:51:13+00:00\",\"dateModified\":\"2022-08-26T07:22:52+00:00\",\"description\":\"Hipoteca Autopromoci\u00f3n, Seguimiento Post Hipoteca, Reunificaci\u00f3n Deudas, Pr\u00e9stamos Personales y Seguros y vinculaciones Hipotecarias.\",\"breadcrumb\":{\"@id\":\"https:\/\/creditech.es\/ca\/altres-serveis\/#breadcrumb\"},\"inLanguage\":\"ca\",\"potentialAction\":[{\"@type\":\"ReadAction\",\"target\":[\"https:\/\/creditech.es\/ca\/altres-serveis\/\"]}]},{\"@type\":\"ImageObject\",\"inLanguage\":\"ca\",\"@id\":\"https:\/\/creditech.es\/ca\/altres-serveis\/#primaryimage\",\"url\":\"https:\/\/creditech.es\/wp-content\/uploads\/2022\/08\/creditech-hipoteca-autopromocion.jpg\",\"contentUrl\":\"https:\/\/creditech.es\/wp-content\/uploads\/2022\/08\/creditech-hipoteca-autopromocion.jpg\"},{\"@type\":\"BreadcrumbList\",\"@id\":\"https:\/\/creditech.es\/ca\/altres-serveis\/#breadcrumb\",\"itemListElement\":[{\"@type\":\"ListItem\",\"position\":1,\"name\":\"Home\",\"item\":\"https:\/\/creditech.es\/ca\/\"},{\"@type\":\"ListItem\",\"position\":2,\"name\":\"ALTRES SERVEIS\"}]},{\"@type\":\"WebSite\",\"@id\":\"https:\/\/creditech.es\/#website\",\"url\":\"https:\/\/creditech.es\/\",\"name\":\"CREDITECH - Intermediarios de cr\u00e9dito inmobiliario\",\"description\":\"\",\"publisher\":{\"@id\":\"https:\/\/creditech.es\/#organization\"},\"potentialAction\":[{\"@type\":\"SearchAction\",\"target\":{\"@type\":\"EntryPoint\",\"urlTemplate\":\"https:\/\/creditech.es\/?s={search_term_string}\"},\"query-input\":{\"@type\":\"PropertyValueSpecification\",\"valueRequired\":true,\"valueName\":\"search_term_string\"}}],\"inLanguage\":\"ca\"},{\"@type\":\"Organization\",\"@id\":\"https:\/\/creditech.es\/#organization\",\"name\":\"CREDITECH - Intermediarios de cr\u00e9dito inmobiliario\",\"url\":\"https:\/\/creditech.es\/\",\"logo\":{\"@type\":\"ImageObject\",\"inLanguage\":\"ca\",\"@id\":\"https:\/\/creditech.es\/#\/schema\/logo\/image\/\",\"url\":\"https:\/\/creditech.es\/wp-content\/uploads\/2022\/07\/Logo-Creditech.png\",\"contentUrl\":\"https:\/\/creditech.es\/wp-content\/uploads\/2022\/07\/Logo-Creditech.png\",\"width\":1106,\"height\":686,\"caption\":\"CREDITECH - Intermediarios de cr\u00e9dito inmobiliario\"},\"image\":{\"@id\":\"https:\/\/creditech.es\/#\/schema\/logo\/image\/\"}}]}<\/script>\n<!-- \/ Yoast SEO Premium plugin. -->","yoast_head_json":{"title":"ALTRES SERVEIS - CREDITECH - Intermediarios de cr\u00e9dito inmobiliario","description":"Hipoteca Autopromoci\u00f3n, Seguimiento Post Hipoteca, Reunificaci\u00f3n Deudas, Pr\u00e9stamos Personales y Seguros y vinculaciones Hipotecarias.","robots":{"index":"index","follow":"follow","max-snippet":"max-snippet:-1","max-image-preview":"max-image-preview:large","max-video-preview":"max-video-preview:-1"},"canonical":"https:\/\/creditech.es\/ca\/altres-serveis\/","og_locale":"ca_ES","og_type":"article","og_title":"ALTRES SERVEIS","og_description":"Hipoteca Autopromoci\u00f3n, Seguimiento Post Hipoteca, Reunificaci\u00f3n Deudas, Pr\u00e9stamos Personales y Seguros y vinculaciones Hipotecarias.","og_url":"https:\/\/creditech.es\/ca\/altres-serveis\/","og_site_name":"CREDITECH - Intermediarios de cr\u00e9dito inmobiliario","article_modified_time":"2022-08-26T07:22:52+00:00","og_image":[{"url":"https:\/\/creditech.es\/wp-content\/uploads\/2022\/08\/creditech-hipoteca-autopromocion.jpg","type":"","width":"","height":""}],"twitter_card":"summary_large_image","twitter_misc":{"Temps estimat de lectura":"2 minuts"},"schema":{"@context":"https:\/\/schema.org","@graph":[{"@type":"WebPage","@id":"https:\/\/creditech.es\/ca\/altres-serveis\/","url":"https:\/\/creditech.es\/ca\/altres-serveis\/","name":"ALTRES SERVEIS - CREDITECH - Intermediarios de cr\u00e9dito inmobiliario","isPartOf":{"@id":"https:\/\/creditech.es\/#website"},"primaryImageOfPage":{"@id":"https:\/\/creditech.es\/ca\/altres-serveis\/#primaryimage"},"image":{"@id":"https:\/\/creditech.es\/ca\/altres-serveis\/#primaryimage"},"thumbnailUrl":"https:\/\/creditech.es\/wp-content\/uploads\/2022\/08\/creditech-hipoteca-autopromocion.jpg","datePublished":"2022-08-25T11:51:13+00:00","dateModified":"2022-08-26T07:22:52+00:00","description":"Hipoteca Autopromoci\u00f3n, Seguimiento Post Hipoteca, Reunificaci\u00f3n Deudas, Pr\u00e9stamos Personales y Seguros y vinculaciones Hipotecarias.","breadcrumb":{"@id":"https:\/\/creditech.es\/ca\/altres-serveis\/#breadcrumb"},"inLanguage":"ca","potentialAction":[{"@type":"ReadAction","target":["https:\/\/creditech.es\/ca\/altres-serveis\/"]}]},{"@type":"ImageObject","inLanguage":"ca","@id":"https:\/\/creditech.es\/ca\/altres-serveis\/#primaryimage","url":"https:\/\/creditech.es\/wp-content\/uploads\/2022\/08\/creditech-hipoteca-autopromocion.jpg","contentUrl":"https:\/\/creditech.es\/wp-content\/uploads\/2022\/08\/creditech-hipoteca-autopromocion.jpg"},{"@type":"BreadcrumbList","@id":"https:\/\/creditech.es\/ca\/altres-serveis\/#breadcrumb","itemListElement":[{"@type":"ListItem","position":1,"name":"Home","item":"https:\/\/creditech.es\/ca\/"},{"@type":"ListItem","position":2,"name":"ALTRES SERVEIS"}]},{"@type":"WebSite","@id":"https:\/\/creditech.es\/#website","url":"https:\/\/creditech.es\/","name":"CREDITECH - Intermediarios de cr\u00e9dito inmobiliario","description":"","publisher":{"@id":"https:\/\/creditech.es\/#organization"},"potentialAction":[{"@type":"SearchAction","target":{"@type":"EntryPoint","urlTemplate":"https:\/\/creditech.es\/?s={search_term_string}"},"query-input":{"@type":"PropertyValueSpecification","valueRequired":true,"valueName":"search_term_string"}}],"inLanguage":"ca"},{"@type":"Organization","@id":"https:\/\/creditech.es\/#organization","name":"CREDITECH - Intermediarios de cr\u00e9dito inmobiliario","url":"https:\/\/creditech.es\/","logo":{"@type":"ImageObject","inLanguage":"ca","@id":"https:\/\/creditech.es\/#\/schema\/logo\/image\/","url":"https:\/\/creditech.es\/wp-content\/uploads\/2022\/07\/Logo-Creditech.png","contentUrl":"https:\/\/creditech.es\/wp-content\/uploads\/2022\/07\/Logo-Creditech.png","width":1106,"height":686,"caption":"CREDITECH - Intermediarios de cr\u00e9dito inmobiliario"},"image":{"@id":"https:\/\/creditech.es\/#\/schema\/logo\/image\/"}}]}},"_links":{"self":[{"href":"https:\/\/creditech.es\/ca\/wp-json\/wp\/v2\/pages\/1586","targetHints":{"allow":["GET"]}}],"collection":[{"href":"https:\/\/creditech.es\/ca\/wp-json\/wp\/v2\/pages"}],"about":[{"href":"https:\/\/creditech.es\/ca\/wp-json\/wp\/v2\/types\/page"}],"author":[{"embeddable":true,"href":"https:\/\/creditech.es\/ca\/wp-json\/wp\/v2\/users\/9"}],"replies":[{"embeddable":true,"href":"https:\/\/creditech.es\/ca\/wp-json\/wp\/v2\/comments?post=1586"}],"version-history":[{"count":5,"href":"https:\/\/creditech.es\/ca\/wp-json\/wp\/v2\/pages\/1586\/revisions"}],"predecessor-version":[{"id":1626,"href":"https:\/\/creditech.es\/ca\/wp-json\/wp\/v2\/pages\/1586\/revisions\/1626"}],"wp:attachment":[{"href":"https:\/\/creditech.es\/ca\/wp-json\/wp\/v2\/media?parent=1586"}],"curies":[{"name":"wp","href":"https:\/\/api.w.org\/{rel}","templated":true}]}}