{"id":1589,"date":"2022-08-26T11:44:28","date_gmt":"2022-08-26T09:44:28","guid":{"rendered":"https:\/\/creditech.es\/?page_id=1589"},"modified":"2026-03-02T16:24:37","modified_gmt":"2026-03-02T15:24:37","slug":"ampliacio-hipoteca","status":"publish","type":"page","link":"https:\/\/creditech.es\/ca\/ampliacio-hipoteca\/","title":{"rendered":"Ampliaci\u00f3 Hipoteca"},"content":{"rendered":"\n\n\t\t\t<h3>SOL\u00b7LICITA ESTUDI<\/h3><h2>Ampliaci\u00f3 Hipoteca<\/h2>\t\t\t\n\t\t\t<h2>Acc\u00e8s a productes<\/h2>\t\t\t\n\t\t\t\t<a href=\"https:\/\/creditech.es\/ca\/hipoteca-primera-vivenda\/\"  target=\"_self\" itemprop=\"url\">\n\t\t\t\t<img decoding=\"async\" src=\"https:\/\/creditech.es\/wp-content\/uploads\/2022\/07\/familia-joven-hipoteca-primera-vivienda-1024x683.jpg\" alt=\"Te ayudamos a encontrar la mejor hipoteca. CREDITECH - ASESORES HIPOTECARIOS\" itemprop=\"image\" height=\"683\" width=\"1024\" title=\"familia-joven-hipoteca-primera-vivienda\" onerror=\"this.style.display='none'\" loading='lazy' \/>\n\t\t\t\t<\/a>\n<h4>\n\t\t<a href=\"https:\/\/creditech.es\/ca\/hipoteca-primera-vivenda\/\" title=\"Hipoteca primera vivenda\"  target=\"_self\">\n\t\t\tHipoteca primera vivenda\t\t<\/a>\n\t<\/h4>\n\t<p>T&#8217;aconseguim el m\u00e0xim finan\u00e7ament per a l&#8217;adquisici\u00f3 de la teva vivenda.<\/p>\n\t<p>TIPUS FIXE DES DE<\/p>\n\t<p>1,90%<\/p>\n\t<p>TIPUS MIXT DES DE<\/p>\n\t<p>1,20%<\/p>\n\t<p>5 anys i Eur\u00edbor + 0,40%<\/p>\n\t<p>TIPUS VARIABLE DES DE<\/p>\n\t<p>Eur\u00edbor+ 0,20%<\/p>\n\t<p><a href=\"https:\/\/creditech.es\/ca\/#calcula-la-teva-hipoteca\">Sol\u00b7licita estudi gratu\u00eft<\/a><\/p>\n\t\t\t\t<a href=\"https:\/\/creditech.es\/ca\/hipoteca-segona-vivenda\/\"  target=\"_self\" itemprop=\"url\">\n\t\t\t\t<img decoding=\"async\" src=\"https:\/\/creditech.es\/wp-content\/uploads\/2022\/07\/pareja-alegre-con-las-llaves-de-su-nuevo-hogar-1024x683.jpg\" alt=\"Te ayudamos a encontrar la mejor hipoteca. CREDITECH - ASESORES HIPOTECARIOS\" itemprop=\"image\" height=\"683\" width=\"1024\" title=\"pareja-alegre-con-las-llaves-de-su-nuevo-hogar\" onerror=\"this.style.display='none'\" loading='lazy' \/>\n\t\t\t\t<\/a>\n<h4>\n\t\t<a href=\"https:\/\/creditech.es\/ca\/hipoteca-segona-vivenda\/\" title=\"Hipoteca segona vivenda\"  target=\"_self\">\n\t\t\tHipoteca segona vivenda\t\t<\/a>\n\t<\/h4>\n\t<p>T&#8217;ajudem a aconseguir les millors condicions.<\/p>\n\t<p>TIPUS FIXE DES DE<\/p>\n\t<p>1,90%<\/p>\n\t<p>TIPUS MIXT DES DE<\/p>\n\t<p>1,20%<\/p>\n\t<p>5 anys i Eur\u00edbor + 0,40%<\/p>\n\t<p>TIPUS VARIABLE DES DE<\/p>\n\t<p>Eur\u00edbor + 0,20%<\/p>\n\t<p><a href=\"https:\/\/creditech.es\/ca\/#calcula-la-teva-hipoteca\">Sol\u00b7licita estudi gratu\u00eft<\/a><\/p>\n\t\t\t\t<a href=\"https:\/\/creditech.es\/ca\/canvi-millora-hipoteca\/\"  target=\"_self\" itemprop=\"url\">\n\t\t\t\t<img decoding=\"async\" src=\"https:\/\/creditech.es\/wp-content\/uploads\/2022\/07\/familia-joven-cambio-ha-la-mejor-hipoteca-1024x683.jpg\" alt=\"Te ayudamos a encontrar la mejor hipoteca. CREDITECH - ASESORES HIPOTECARIOS\" itemprop=\"image\" height=\"683\" width=\"1024\" title=\"familia-joven-cambio-ha-la-mejor-hipoteca\" onerror=\"this.style.display='none'\" loading='lazy' \/>\n\t\t\t\t<\/a>\n<h4>\n\t\t<a href=\"https:\/\/creditech.es\/ca\/canvi-millora-hipoteca\/\" title=\"Canvi millora hipoteca\"  target=\"_self\">\n\t\t\tCanvi millora hipoteca\t\t<\/a>\n\t<\/h4>\n\t<p>Estalvia canviant d&#8217;hipoteca. Millora les condicions actuals, sigui per subrogaci\u00f3 o per cancel\u00b7laci\u00f3. Consulta&#8217;ns i sabreu. quant us podeu estalviar.<\/p>\n\t<p><a href=\"https:\/\/creditech.es\/#calcula-la-teva-hipoteca\">Sol\u00b7licita estudi gratu\u00eft<\/a><\/p>\n\t<p><strong>* TAE hipoteca fixe 2,348%, TAE hipoteca mixta de 2.230% y TAE hipoteca variable 3,224%. C\u00e0lcul realitzat a hipoteca mixta i variable suposant el valor de Euribor a 1 any de 2.21%, hipoteca sense comissi\u00f3ns i amb vinculaci\u00f3 d&#8217;asseguran\u00e7a de vida de 30 euros\/mensuals i asseguran\u00e7a de llar de 30 euros\/mensuals.<\/strong><\/p>\n\t\t\t<h5>Contacte amb nosaltres<\/h5>\t\t\t\n\t\t\t\t<p>T&#8217;oferim assessorament hipotecari amb tracte personalitzat, sense cap comprom\u00eds. <a href=\"https:\/\/creditech.es\/ca\/contacto\/\"><strong>Contacta&#8217;ns ara<\/strong><\/a>\u00a0i et donarem resposta en menys de 24 hores.<\/p>\n\t\t\t<a href=\"https:\/\/creditech.es\/ca\/contacte\/\" title=\"Click Here\" target=\"_self\"   role=\"button\" aria-label=\"CONTACTE AMB NOSALTRES\">\n\t\t\t\t\t\t\tCONTACTE AMB NOSALTRES\n\t\t<\/a>\n\n","protected":false},"excerpt":{"rendered":"<p>SOL\u00b7LICITA ESTUDI Ampliaci\u00f3 Hipoteca Acc\u00e8s a productes Hipoteca primera vivenda T&#8217;aconseguim el m\u00e0xim finan\u00e7ament per a l&#8217;adquisici\u00f3 de la teva vivenda. TIPUS FIXE DES DE 1,90% TIPUS MIXT DES DE 1,20% 5 anys i Eur\u00edbor + 0,40% TIPUS VARIABLE DES DE Eur\u00edbor+ 0,20% Sol\u00b7licita estudi gratu\u00eft Hipoteca segona vivenda T&#8217;ajudem a aconseguir les millors condicions. [&hellip;]<\/p>\n","protected":false},"author":9,"featured_media":0,"parent":0,"menu_order":0,"comment_status":"closed","ping_status":"closed","template":"","meta":{"site-sidebar-layout":"no-sidebar","site-content-layout":"page-builder","ast-site-content-layout":"default","site-content-style":"default","site-sidebar-style":"default","ast-global-header-display":"","ast-banner-title-visibility":"","ast-main-header-display":"","ast-hfb-above-header-display":"","ast-hfb-below-header-display":"","ast-hfb-mobile-header-display":"","site-post-title":"disabled","ast-breadcrumbs-content":"","ast-featured-img":"disabled","footer-sml-layout":"","theme-transparent-header-meta":"default","adv-header-id-meta":"","stick-header-meta":"default","header-above-stick-meta":"","header-main-stick-meta":"","header-below-stick-meta":"","astra-migrate-meta-layouts":"default","ast-page-background-enabled":"default","ast-page-background-meta":{"desktop":{"background-color":"","background-image":"","background-repeat":"repeat","background-position":"center center","background-size":"auto","background-attachment":"scroll","background-type":"","background-media":"","overlay-type":"","overlay-color":"","overlay-opacity":"","overlay-gradient":""},"tablet":{"background-color":"","background-image":"","background-repeat":"repeat","background-position":"center center","background-size":"auto","background-attachment":"scroll","background-type":"","background-media":"","overlay-type":"","overlay-color":"","overlay-opacity":"","overlay-gradient":""},"mobile":{"background-color":"","background-image":"","background-repeat":"repeat","background-position":"center center","background-size":"auto","background-attachment":"scroll","background-type":"","background-media":"","overlay-type":"","overlay-color":"","overlay-opacity":"","overlay-gradient":""}},"ast-content-background-meta":{"desktop":{"background-color":"var(--ast-global-color-5)","background-image":"","background-repeat":"repeat","background-position":"center center","background-size":"auto","background-attachment":"scroll","background-type":"","background-media":"","overlay-type":"","overlay-color":"","overlay-opacity":"","overlay-gradient":""},"tablet":{"background-color":"var(--ast-global-color-5)","background-image":"","background-repeat":"repeat","background-position":"center center","background-size":"auto","background-attachment":"scroll","background-type":"","background-media":"","overlay-type":"","overlay-color":"","overlay-opacity":"","overlay-gradient":""},"mobile":{"background-color":"var(--ast-global-color-5)","background-image":"","background-repeat":"repeat","background-position":"center center","background-size":"auto","background-attachment":"scroll","background-type":"","background-media":"","overlay-type":"","overlay-color":"","overlay-opacity":"","overlay-gradient":""}},"_joinchat":[],"footnotes":""},"class_list":["post-1589","page","type-page","status-publish","hentry"],"yoast_head":"<!-- This site is optimized with the Yoast SEO Premium plugin v19.1 (Yoast SEO v25.4) - https:\/\/yoast.com\/wordpress\/plugins\/seo\/ -->\n<title>Ampliaci\u00f3 Hipoteca - CREDITECH - Intermediarios de cr\u00e9dito inmobiliario<\/title>\n<meta name=\"description\" content=\"Obt\u00e9n capital para conseguir lo que necesites: Reforma de tu vivienda, cancelaci\u00f3n de deudas, comprar una vivienda o financiar tu negocio.\" \/>\n<meta name=\"robots\" content=\"index, follow, max-snippet:-1, max-image-preview:large, max-video-preview:-1\" \/>\n<link rel=\"canonical\" href=\"https:\/\/creditech.es\/ca\/ampliacio-hipoteca\/\" \/>\n<meta property=\"og:locale\" content=\"ca_ES\" \/>\n<meta property=\"og:type\" content=\"article\" \/>\n<meta property=\"og:title\" content=\"Ampliaci\u00f3 Hipoteca\" \/>\n<meta property=\"og:description\" content=\"Obt\u00e9n capital para conseguir lo que necesites: Reforma de tu vivienda, cancelaci\u00f3n de deudas, comprar una vivienda o financiar tu negocio.\" \/>\n<meta property=\"og:url\" content=\"https:\/\/creditech.es\/ca\/ampliacio-hipoteca\/\" \/>\n<meta property=\"og:site_name\" content=\"CREDITECH - Intermediarios de cr\u00e9dito inmobiliario\" \/>\n<meta property=\"article:modified_time\" content=\"2026-03-02T15:24:37+00:00\" \/>\n<meta property=\"og:image\" content=\"https:\/\/creditech.es\/wp-content\/uploads\/2022\/07\/familia-joven-hipoteca-primera-vivienda-1024x683.jpg\" \/>\n<meta name=\"twitter:card\" content=\"summary_large_image\" \/>\n<meta name=\"twitter:label1\" content=\"Temps estimat de lectura\" \/>\n\t<meta name=\"twitter:data1\" content=\"2 minuts\" \/>\n<script type=\"application\/ld+json\" class=\"yoast-schema-graph\">{\"@context\":\"https:\/\/schema.org\",\"@graph\":[{\"@type\":\"WebPage\",\"@id\":\"https:\/\/creditech.es\/ca\/ampliacio-hipoteca\/\",\"url\":\"https:\/\/creditech.es\/ca\/ampliacio-hipoteca\/\",\"name\":\"Ampliaci\u00f3 Hipoteca - CREDITECH - Intermediarios de cr\u00e9dito inmobiliario\",\"isPartOf\":{\"@id\":\"https:\/\/creditech.es\/#website\"},\"primaryImageOfPage\":{\"@id\":\"https:\/\/creditech.es\/ca\/ampliacio-hipoteca\/#primaryimage\"},\"image\":{\"@id\":\"https:\/\/creditech.es\/ca\/ampliacio-hipoteca\/#primaryimage\"},\"thumbnailUrl\":\"https:\/\/creditech.es\/wp-content\/uploads\/2022\/07\/familia-joven-hipoteca-primera-vivienda-1024x683.jpg\",\"datePublished\":\"2022-08-26T09:44:28+00:00\",\"dateModified\":\"2026-03-02T15:24:37+00:00\",\"description\":\"Obt\u00e9n capital para conseguir lo que necesites: Reforma de tu vivienda, cancelaci\u00f3n de deudas, comprar una vivienda o financiar tu negocio.\",\"breadcrumb\":{\"@id\":\"https:\/\/creditech.es\/ca\/ampliacio-hipoteca\/#breadcrumb\"},\"inLanguage\":\"ca\",\"potentialAction\":[{\"@type\":\"ReadAction\",\"target\":[\"https:\/\/creditech.es\/ca\/ampliacio-hipoteca\/\"]}]},{\"@type\":\"ImageObject\",\"inLanguage\":\"ca\",\"@id\":\"https:\/\/creditech.es\/ca\/ampliacio-hipoteca\/#primaryimage\",\"url\":\"https:\/\/creditech.es\/wp-content\/uploads\/2022\/07\/familia-joven-hipoteca-primera-vivienda-1024x683.jpg\",\"contentUrl\":\"https:\/\/creditech.es\/wp-content\/uploads\/2022\/07\/familia-joven-hipoteca-primera-vivienda-1024x683.jpg\"},{\"@type\":\"BreadcrumbList\",\"@id\":\"https:\/\/creditech.es\/ca\/ampliacio-hipoteca\/#breadcrumb\",\"itemListElement\":[{\"@type\":\"ListItem\",\"position\":1,\"name\":\"Home\",\"item\":\"https:\/\/creditech.es\/ca\/\"},{\"@type\":\"ListItem\",\"position\":2,\"name\":\"Ampliaci\u00f3 Hipoteca\"}]},{\"@type\":\"WebSite\",\"@id\":\"https:\/\/creditech.es\/#website\",\"url\":\"https:\/\/creditech.es\/\",\"name\":\"CREDITECH - Intermediarios de cr\u00e9dito inmobiliario\",\"description\":\"\",\"publisher\":{\"@id\":\"https:\/\/creditech.es\/#organization\"},\"potentialAction\":[{\"@type\":\"SearchAction\",\"target\":{\"@type\":\"EntryPoint\",\"urlTemplate\":\"https:\/\/creditech.es\/?s={search_term_string}\"},\"query-input\":{\"@type\":\"PropertyValueSpecification\",\"valueRequired\":true,\"valueName\":\"search_term_string\"}}],\"inLanguage\":\"ca\"},{\"@type\":\"Organization\",\"@id\":\"https:\/\/creditech.es\/#organization\",\"name\":\"CREDITECH - Intermediarios de cr\u00e9dito inmobiliario\",\"url\":\"https:\/\/creditech.es\/\",\"logo\":{\"@type\":\"ImageObject\",\"inLanguage\":\"ca\",\"@id\":\"https:\/\/creditech.es\/#\/schema\/logo\/image\/\",\"url\":\"https:\/\/creditech.es\/wp-content\/uploads\/2022\/07\/Logo-Creditech.png\",\"contentUrl\":\"https:\/\/creditech.es\/wp-content\/uploads\/2022\/07\/Logo-Creditech.png\",\"width\":1106,\"height\":686,\"caption\":\"CREDITECH - Intermediarios de cr\u00e9dito inmobiliario\"},\"image\":{\"@id\":\"https:\/\/creditech.es\/#\/schema\/logo\/image\/\"}}]}<\/script>\n<!-- \/ Yoast SEO Premium plugin. -->","yoast_head_json":{"title":"Ampliaci\u00f3 Hipoteca - CREDITECH - Intermediarios de cr\u00e9dito inmobiliario","description":"Obt\u00e9n capital para conseguir lo que necesites: Reforma de tu vivienda, cancelaci\u00f3n de deudas, comprar una vivienda o financiar tu negocio.","robots":{"index":"index","follow":"follow","max-snippet":"max-snippet:-1","max-image-preview":"max-image-preview:large","max-video-preview":"max-video-preview:-1"},"canonical":"https:\/\/creditech.es\/ca\/ampliacio-hipoteca\/","og_locale":"ca_ES","og_type":"article","og_title":"Ampliaci\u00f3 Hipoteca","og_description":"Obt\u00e9n capital para conseguir lo que necesites: Reforma de tu vivienda, cancelaci\u00f3n de deudas, comprar una vivienda o financiar tu negocio.","og_url":"https:\/\/creditech.es\/ca\/ampliacio-hipoteca\/","og_site_name":"CREDITECH - Intermediarios de cr\u00e9dito inmobiliario","article_modified_time":"2026-03-02T15:24:37+00:00","og_image":[{"url":"https:\/\/creditech.es\/wp-content\/uploads\/2022\/07\/familia-joven-hipoteca-primera-vivienda-1024x683.jpg","type":"","width":"","height":""}],"twitter_card":"summary_large_image","twitter_misc":{"Temps estimat de lectura":"2 minuts"},"schema":{"@context":"https:\/\/schema.org","@graph":[{"@type":"WebPage","@id":"https:\/\/creditech.es\/ca\/ampliacio-hipoteca\/","url":"https:\/\/creditech.es\/ca\/ampliacio-hipoteca\/","name":"Ampliaci\u00f3 Hipoteca - CREDITECH - Intermediarios de cr\u00e9dito inmobiliario","isPartOf":{"@id":"https:\/\/creditech.es\/#website"},"primaryImageOfPage":{"@id":"https:\/\/creditech.es\/ca\/ampliacio-hipoteca\/#primaryimage"},"image":{"@id":"https:\/\/creditech.es\/ca\/ampliacio-hipoteca\/#primaryimage"},"thumbnailUrl":"https:\/\/creditech.es\/wp-content\/uploads\/2022\/07\/familia-joven-hipoteca-primera-vivienda-1024x683.jpg","datePublished":"2022-08-26T09:44:28+00:00","dateModified":"2026-03-02T15:24:37+00:00","description":"Obt\u00e9n capital para conseguir lo que necesites: Reforma de tu vivienda, cancelaci\u00f3n de deudas, comprar una vivienda o financiar tu negocio.","breadcrumb":{"@id":"https:\/\/creditech.es\/ca\/ampliacio-hipoteca\/#breadcrumb"},"inLanguage":"ca","potentialAction":[{"@type":"ReadAction","target":["https:\/\/creditech.es\/ca\/ampliacio-hipoteca\/"]}]},{"@type":"ImageObject","inLanguage":"ca","@id":"https:\/\/creditech.es\/ca\/ampliacio-hipoteca\/#primaryimage","url":"https:\/\/creditech.es\/wp-content\/uploads\/2022\/07\/familia-joven-hipoteca-primera-vivienda-1024x683.jpg","contentUrl":"https:\/\/creditech.es\/wp-content\/uploads\/2022\/07\/familia-joven-hipoteca-primera-vivienda-1024x683.jpg"},{"@type":"BreadcrumbList","@id":"https:\/\/creditech.es\/ca\/ampliacio-hipoteca\/#breadcrumb","itemListElement":[{"@type":"ListItem","position":1,"name":"Home","item":"https:\/\/creditech.es\/ca\/"},{"@type":"ListItem","position":2,"name":"Ampliaci\u00f3 Hipoteca"}]},{"@type":"WebSite","@id":"https:\/\/creditech.es\/#website","url":"https:\/\/creditech.es\/","name":"CREDITECH - Intermediarios de cr\u00e9dito inmobiliario","description":"","publisher":{"@id":"https:\/\/creditech.es\/#organization"},"potentialAction":[{"@type":"SearchAction","target":{"@type":"EntryPoint","urlTemplate":"https:\/\/creditech.es\/?s={search_term_string}"},"query-input":{"@type":"PropertyValueSpecification","valueRequired":true,"valueName":"search_term_string"}}],"inLanguage":"ca"},{"@type":"Organization","@id":"https:\/\/creditech.es\/#organization","name":"CREDITECH - Intermediarios de cr\u00e9dito inmobiliario","url":"https:\/\/creditech.es\/","logo":{"@type":"ImageObject","inLanguage":"ca","@id":"https:\/\/creditech.es\/#\/schema\/logo\/image\/","url":"https:\/\/creditech.es\/wp-content\/uploads\/2022\/07\/Logo-Creditech.png","contentUrl":"https:\/\/creditech.es\/wp-content\/uploads\/2022\/07\/Logo-Creditech.png","width":1106,"height":686,"caption":"CREDITECH - Intermediarios de cr\u00e9dito inmobiliario"},"image":{"@id":"https:\/\/creditech.es\/#\/schema\/logo\/image\/"}}]}},"_links":{"self":[{"href":"https:\/\/creditech.es\/ca\/wp-json\/wp\/v2\/pages\/1589","targetHints":{"allow":["GET"]}}],"collection":[{"href":"https:\/\/creditech.es\/ca\/wp-json\/wp\/v2\/pages"}],"about":[{"href":"https:\/\/creditech.es\/ca\/wp-json\/wp\/v2\/types\/page"}],"author":[{"embeddable":true,"href":"https:\/\/creditech.es\/ca\/wp-json\/wp\/v2\/users\/9"}],"replies":[{"embeddable":true,"href":"https:\/\/creditech.es\/ca\/wp-json\/wp\/v2\/comments?post=1589"}],"version-history":[{"count":23,"href":"https:\/\/creditech.es\/ca\/wp-json\/wp\/v2\/pages\/1589\/revisions"}],"predecessor-version":[{"id":2067,"href":"https:\/\/creditech.es\/ca\/wp-json\/wp\/v2\/pages\/1589\/revisions\/2067"}],"wp:attachment":[{"href":"https:\/\/creditech.es\/ca\/wp-json\/wp\/v2\/media?parent=1589"}],"curies":[{"name":"wp","href":"https:\/\/api.w.org\/{rel}","templated":true}]}}